{"id":13029,"date":"2020-12-04T03:50:45","date_gmt":"2020-12-04T00:50:45","guid":{"rendered":"https:\/\/heraderma.com\/bloglarimiz\/"},"modified":"2023-12-08T12:58:57","modified_gmt":"2023-12-08T09:58:57","slug":"blogs","status":"publish","type":"page","link":"https:\/\/heraderma.com\/en\/blogs\/","title":{"rendered":"Blogs"},"content":{"rendered":"\t\t<div data-elementor-type=\"wp-post\" data-elementor-id=\"13029\" class=\"elementor elementor-13029 elementor-7006\" data-elementor-settings=\"[]\">\n\t\t\t\t\t\t\t<div class=\"elementor-section-wrap\">\n\t\t\t\t\t\t\t<section class=\"elementor-section elementor-top-section elementor-element elementor-element-4d22e5b elementor-section-boxed elementor-section-height-default elementor-section-height-default\" data-id=\"4d22e5b\" data-element_type=\"section\">\n\t\t\t\t\t\t<div class=\"elementor-container elementor-column-gap-default\">\n\t\t\t\t\t<div class=\"elementor-column elementor-col-100 elementor-top-column elementor-element elementor-element-7fb25f4\" data-id=\"7fb25f4\" data-element_type=\"column\">\n\t\t\t<div class=\"elementor-widget-wrap elementor-element-populated\">\n\t\t\t\t\t\t\t\t<div class=\"elementor-element elementor-element-a19a7da elementor-widget elementor-widget-spacer\" data-id=\"a19a7da\" data-element_type=\"widget\" data-widget_type=\"spacer.default\">\n\t\t\t\t<div class=\"elementor-widget-container\">\n\t\t\t\t\t<div class=\"elementor-spacer\">\n\t\t\t<div class=\"elementor-spacer-inner\"><\/div>\n\t\t<\/div>\n\t\t\t\t<\/div>\n\t\t\t\t<\/div>\n\t\t\t\t<div class=\"elementor-element elementor-element-a9540c4 post_has_media_content-yes elementor-widget elementor-widget-gt3-core-blog\" data-id=\"a9540c4\" data-element_type=\"widget\" data-widget_type=\"gt3-core-blog.default\">\n\t\t\t\t<div class=\"elementor-widget-container\">\n\t\t\t<script type=\"application\/json\" id=\"settings--a9540c4\">{\"packery\":false}<\/script>\t<div class=\"gt3_module_blog items3  items_type1\">\r\n\t\t\t\t\t<\/div>\r\n\t\t<\/div>\n\t\t\t\t<\/div>\n\t\t\t\t\t<\/div>\n\t\t<\/div>\n\t\t\t\t\t\t\t<\/div>\n\t\t<\/section>\n\t\t\t\t\t\t<\/div>\n\t\t\t\t\t<\/div>\n\t\t","protected":false},"excerpt":{"rendered":"<p>Boyun Gen\u00e7le\u015ftirme Hakk\u0131nda Bilmeniz Gerekenler Share Kristal Dolgu ile Cildinize Hacim Kazand\u0131r\u0131n Share Y\u00fcz Epilasyonu ile P\u00fcr\u00fczs\u00fcz Bir Y\u00fcz\u00fcn\u00fcz Olsun Share Biyolojik Lifting A\u015f\u0131s\u0131 ile Cildinizi Gen\u00e7le\u015ftirin Share Burunda K\u0131lcal Damar \u00c7atlamas\u0131 Neden Olur? Share Cilt Lekeleri \u0130\u00e7in Maske ile Tedavi Share Dudak Kenar\u0131 D\u00fc\u015f\u00fckl\u00fc\u011f\u00fc Nas\u0131l Tedavi Edilir? Share C\u0327atlak Tedavisine Dair Her S\u0327ey Share [&hellip;]<\/p>\n","protected":false},"author":1,"featured_media":0,"parent":0,"menu_order":0,"comment_status":"closed","ping_status":"closed","template":"","meta":{"footnotes":""},"class_list":["post-13029","page","type-page","status-publish","hentry"],"yoast_head":"<!-- This site is optimized with the Yoast SEO plugin v27.5 - https:\/\/yoast.com\/product\/yoast-seo-wordpress\/ -->\n<title>Blogs - Heraderma<\/title>\n<meta name=\"description\" content=\"Bloglar\u0131m\u0131z sayfas\u0131nda \u00d6zel Heraderma Poliklini\u011fi uygulamalar\u0131 ve benzeri konularda g\u00fcncel i\u00e7erikler bulunmaktad\u0131r.\" \/>\n<meta name=\"robots\" content=\"index, follow, max-snippet:-1, max-image-preview:large, max-video-preview:-1\" \/>\n<link rel=\"canonical\" href=\"https:\/\/heraderma.com\/en\/blogs\/\" \/>\n<meta property=\"og:locale\" content=\"en_US\" \/>\n<meta property=\"og:type\" content=\"article\" \/>\n<meta property=\"og:title\" content=\"Blogs - Heraderma\" \/>\n<meta property=\"og:description\" content=\"Bloglar\u0131m\u0131z sayfas\u0131nda \u00d6zel Heraderma Poliklini\u011fi uygulamalar\u0131 ve benzeri konularda g\u00fcncel i\u00e7erikler bulunmaktad\u0131r.\" \/>\n<meta property=\"og:url\" content=\"https:\/\/heraderma.com\/en\/blogs\/\" \/>\n<meta property=\"og:site_name\" content=\"Heraderma\" \/>\n<meta property=\"article:publisher\" content=\"https:\/\/www.facebook.com\/OzelHeradermaPoliklinigi\" \/>\n<meta property=\"article:modified_time\" content=\"2023-12-08T09:58:57+00:00\" \/>\n<meta property=\"og:image\" content=\"http:\/\/heraderma.com\/wp-content\/uploads\/2023\/03\/boyun-genclestirme-540x324.jpg\" \/>\n<meta name=\"twitter:card\" content=\"summary_large_image\" \/>\n<meta name=\"twitter:site\" content=\"@heraderma\" \/>\n<meta name=\"twitter:label1\" content=\"Est. reading time\" \/>\n\t<meta name=\"twitter:data1\" content=\"37 minutes\" \/>\n<script type=\"application\/ld+json\" class=\"yoast-schema-graph\">{\"@context\":\"https:\\\/\\\/schema.org\",\"@graph\":[{\"@type\":\"WebPage\",\"@id\":\"https:\\\/\\\/heraderma.com\\\/en\\\/blogs\\\/\",\"url\":\"https:\\\/\\\/heraderma.com\\\/en\\\/blogs\\\/\",\"name\":\"Blogs - Heraderma\",\"isPartOf\":{\"@id\":\"https:\\\/\\\/heraderma.com\\\/en\\\/#website\"},\"primaryImageOfPage\":{\"@id\":\"https:\\\/\\\/heraderma.com\\\/en\\\/blogs\\\/#primaryimage\"},\"image\":{\"@id\":\"https:\\\/\\\/heraderma.com\\\/en\\\/blogs\\\/#primaryimage\"},\"thumbnailUrl\":\"http:\\\/\\\/heraderma.com\\\/wp-content\\\/uploads\\\/2023\\\/03\\\/boyun-genclestirme-540x324.jpg\",\"datePublished\":\"2020-12-04T00:50:45+00:00\",\"dateModified\":\"2023-12-08T09:58:57+00:00\",\"description\":\"Bloglar\u0131m\u0131z sayfas\u0131nda \u00d6zel Heraderma Poliklini\u011fi uygulamalar\u0131 ve benzeri konularda g\u00fcncel i\u00e7erikler bulunmaktad\u0131r.\",\"inLanguage\":\"en-US\",\"potentialAction\":[{\"@type\":\"ReadAction\",\"target\":[\"https:\\\/\\\/heraderma.com\\\/en\\\/blogs\\\/\"]}]},{\"@type\":\"ImageObject\",\"inLanguage\":\"en-US\",\"@id\":\"https:\\\/\\\/heraderma.com\\\/en\\\/blogs\\\/#primaryimage\",\"url\":\"http:\\\/\\\/heraderma.com\\\/wp-content\\\/uploads\\\/2023\\\/03\\\/boyun-genclestirme-540x324.jpg\",\"contentUrl\":\"http:\\\/\\\/heraderma.com\\\/wp-content\\\/uploads\\\/2023\\\/03\\\/boyun-genclestirme-540x324.jpg\"},{\"@type\":\"WebSite\",\"@id\":\"https:\\\/\\\/heraderma.com\\\/en\\\/#website\",\"url\":\"https:\\\/\\\/heraderma.com\\\/en\\\/\",\"name\":\"Heraderma\",\"description\":\"\u0130zmir Dermatoloji ve Lazer Klini\u011fi\",\"potentialAction\":[{\"@type\":\"SearchAction\",\"target\":{\"@type\":\"EntryPoint\",\"urlTemplate\":\"https:\\\/\\\/heraderma.com\\\/en\\\/?s={search_term_string}\"},\"query-input\":{\"@type\":\"PropertyValueSpecification\",\"valueRequired\":true,\"valueName\":\"search_term_string\"}}],\"inLanguage\":\"en-US\"}]}<\/script>\n<!-- \/ Yoast SEO plugin. -->","yoast_head_json":{"title":"Blogs - Heraderma","description":"Bloglar\u0131m\u0131z sayfas\u0131nda \u00d6zel Heraderma Poliklini\u011fi uygulamalar\u0131 ve benzeri konularda g\u00fcncel i\u00e7erikler bulunmaktad\u0131r.","robots":{"index":"index","follow":"follow","max-snippet":"max-snippet:-1","max-image-preview":"max-image-preview:large","max-video-preview":"max-video-preview:-1"},"canonical":"https:\/\/heraderma.com\/en\/blogs\/","og_locale":"en_US","og_type":"article","og_title":"Blogs - Heraderma","og_description":"Bloglar\u0131m\u0131z sayfas\u0131nda \u00d6zel Heraderma Poliklini\u011fi uygulamalar\u0131 ve benzeri konularda g\u00fcncel i\u00e7erikler bulunmaktad\u0131r.","og_url":"https:\/\/heraderma.com\/en\/blogs\/","og_site_name":"Heraderma","article_publisher":"https:\/\/www.facebook.com\/OzelHeradermaPoliklinigi","article_modified_time":"2023-12-08T09:58:57+00:00","og_image":[{"url":"http:\/\/heraderma.com\/wp-content\/uploads\/2023\/03\/boyun-genclestirme-540x324.jpg","type":"","width":"","height":""}],"twitter_card":"summary_large_image","twitter_site":"@heraderma","twitter_misc":{"Est. reading time":"37 minutes"},"schema":{"@context":"https:\/\/schema.org","@graph":[{"@type":"WebPage","@id":"https:\/\/heraderma.com\/en\/blogs\/","url":"https:\/\/heraderma.com\/en\/blogs\/","name":"Blogs - Heraderma","isPartOf":{"@id":"https:\/\/heraderma.com\/en\/#website"},"primaryImageOfPage":{"@id":"https:\/\/heraderma.com\/en\/blogs\/#primaryimage"},"image":{"@id":"https:\/\/heraderma.com\/en\/blogs\/#primaryimage"},"thumbnailUrl":"http:\/\/heraderma.com\/wp-content\/uploads\/2023\/03\/boyun-genclestirme-540x324.jpg","datePublished":"2020-12-04T00:50:45+00:00","dateModified":"2023-12-08T09:58:57+00:00","description":"Bloglar\u0131m\u0131z sayfas\u0131nda \u00d6zel Heraderma Poliklini\u011fi uygulamalar\u0131 ve benzeri konularda g\u00fcncel i\u00e7erikler bulunmaktad\u0131r.","inLanguage":"en-US","potentialAction":[{"@type":"ReadAction","target":["https:\/\/heraderma.com\/en\/blogs\/"]}]},{"@type":"ImageObject","inLanguage":"en-US","@id":"https:\/\/heraderma.com\/en\/blogs\/#primaryimage","url":"http:\/\/heraderma.com\/wp-content\/uploads\/2023\/03\/boyun-genclestirme-540x324.jpg","contentUrl":"http:\/\/heraderma.com\/wp-content\/uploads\/2023\/03\/boyun-genclestirme-540x324.jpg"},{"@type":"WebSite","@id":"https:\/\/heraderma.com\/en\/#website","url":"https:\/\/heraderma.com\/en\/","name":"Heraderma","description":"\u0130zmir Dermatoloji ve Lazer Klini\u011fi","potentialAction":[{"@type":"SearchAction","target":{"@type":"EntryPoint","urlTemplate":"https:\/\/heraderma.com\/en\/?s={search_term_string}"},"query-input":{"@type":"PropertyValueSpecification","valueRequired":true,"valueName":"search_term_string"}}],"inLanguage":"en-US"}]}},"_links":{"self":[{"href":"https:\/\/heraderma.com\/en\/wp-json\/wp\/v2\/pages\/13029","targetHints":{"allow":["GET"]}}],"collection":[{"href":"https:\/\/heraderma.com\/en\/wp-json\/wp\/v2\/pages"}],"about":[{"href":"https:\/\/heraderma.com\/en\/wp-json\/wp\/v2\/types\/page"}],"author":[{"embeddable":true,"href":"https:\/\/heraderma.com\/en\/wp-json\/wp\/v2\/users\/1"}],"replies":[{"embeddable":true,"href":"https:\/\/heraderma.com\/en\/wp-json\/wp\/v2\/comments?post=13029"}],"version-history":[{"count":4,"href":"https:\/\/heraderma.com\/en\/wp-json\/wp\/v2\/pages\/13029\/revisions"}],"predecessor-version":[{"id":13042,"href":"https:\/\/heraderma.com\/en\/wp-json\/wp\/v2\/pages\/13029\/revisions\/13042"}],"wp:attachment":[{"href":"https:\/\/heraderma.com\/en\/wp-json\/wp\/v2\/media?parent=13029"}],"curies":[{"name":"wp","href":"https:\/\/api.w.org\/{rel}","templated":true}]}}