{"id":12996,"date":"2020-12-03T14:11:22","date_gmt":"2020-12-03T11:11:22","guid":{"rendered":"https:\/\/heraderma.com\/vitamin-enjeksiyonu-yuz-mezoterapisi\/"},"modified":"2023-12-04T11:49:42","modified_gmt":"2023-12-04T08:49:42","slug":"vitamin-injection-facial-mesotherapy","status":"publish","type":"page","link":"https:\/\/heraderma.com\/en\/vitamin-injection-facial-mesotherapy\/","title":{"rendered":"Vitamin Injection (Facial Mesotherapy)"},"content":{"rendered":"\t\t<div data-elementor-type=\"wp-page\" data-elementor-id=\"12996\" class=\"elementor elementor-12996 elementor-6764\" data-elementor-settings=\"[]\">\n\t\t\t\t\t\t\t<div class=\"elementor-section-wrap\">\n\t\t\t\t\t\t\t<section class=\"elementor-section elementor-top-section elementor-element elementor-element-06e7dac elementor-section-boxed elementor-section-height-default elementor-section-height-default\" data-id=\"06e7dac\" data-element_type=\"section\">\n\t\t\t\t\t\t<div class=\"elementor-container elementor-column-gap-default\">\n\t\t\t\t\t<div class=\"elementor-column elementor-col-50 elementor-top-column elementor-element elementor-element-937b7bb\" data-id=\"937b7bb\" data-element_type=\"column\">\n\t\t\t<div class=\"elementor-widget-wrap elementor-element-populated\">\n\t\t\t\t\t\t\t\t<div class=\"elementor-element elementor-element-dd6c773 elementor-widget elementor-widget-image\" data-id=\"dd6c773\" data-element_type=\"widget\" data-widget_type=\"image.default\">\n\t\t\t\t<div class=\"elementor-widget-container\">\n\t\t\t\t\t\t\t\t\t\t\t\t\t\t\t<img decoding=\"async\" width=\"1050\" height=\"327\" data-src=\"https:\/\/heraderma.com\/wp-content\/uploads\/2021\/01\/Vitamin-Enjeksiyonu-Yuz-Mezoterapisi.jpg\" class=\"attachment-full size-full lazyload\" alt=\"\" data-srcset=\"https:\/\/heraderma.com\/wp-content\/uploads\/2021\/01\/Vitamin-Enjeksiyonu-Yuz-Mezoterapisi.jpg 1050w, https:\/\/heraderma.com\/wp-content\/uploads\/2021\/01\/Vitamin-Enjeksiyonu-Yuz-Mezoterapisi-300x93.jpg 300w, https:\/\/heraderma.com\/wp-content\/uploads\/2021\/01\/Vitamin-Enjeksiyonu-Yuz-Mezoterapisi-1024x319.jpg 1024w, https:\/\/heraderma.com\/wp-content\/uploads\/2021\/01\/Vitamin-Enjeksiyonu-Yuz-Mezoterapisi-768x239.jpg 768w, https:\/\/heraderma.com\/wp-content\/uploads\/2021\/01\/Vitamin-Enjeksiyonu-Yuz-Mezoterapisi-480x149.jpg 480w\" data-sizes=\"(max-width: 1050px) 100vw, 1050px\" title=\"Vitamin Enjeksiyonu Y\u00fcz Mezoterapisi\" src=\"data:image\/svg+xml;base64,PHN2ZyB3aWR0aD0iMSIgaGVpZ2h0PSIxIiB4bWxucz0iaHR0cDovL3d3dy53My5vcmcvMjAwMC9zdmciPjwvc3ZnPg==\" style=\"--smush-placeholder-width: 1050px; --smush-placeholder-aspect-ratio: 1050\/327;\" \/>\t\t\t\t\t\t\t\t\t\t\t\t\t\t\t<\/div>\n\t\t\t\t<\/div>\n\t\t\t\t<div class=\"elementor-element elementor-element-c09d158 elementor-widget elementor-widget-heading\" data-id=\"c09d158\" data-element_type=\"widget\" data-widget_type=\"heading.default\">\n\t\t\t\t<div class=\"elementor-widget-container\">\n\t\t\t<h2 class=\"elementor-heading-title elementor-size-default\">VITAMIN INJECTION (Mesotherapy) <\/h2>\t\t<\/div>\n\t\t\t\t<\/div>\n\t\t\t\t<div class=\"elementor-element elementor-element-6192fa1 elementor-widget elementor-widget-text-editor\" data-id=\"6192fa1\" data-element_type=\"widget\" data-widget_type=\"text-editor.default\">\n\t\t\t\t<div class=\"elementor-widget-container\">\n\t\t\t\t\t\t\t\t<p><b><span data-contrast=\"auto\">Antioxidant and Brightening Effect<\/span><\/b><span data-ccp-props=\"{&quot;201341983&quot;:0,&quot;335559739&quot;:0,&quot;335559740&quot;:276}\"> <img decoding=\"async\" class=\"size-full wp-image-12507 alignright lazyload\" data-src=\"http:\/\/heraderma.com\/wp-content\/uploads\/2021\/01\/Vitamin-Enjeksiyonu-Yuz-Mezoterapisi-2.jpg\" alt=\"\" width=\"300\" height=\"280\" src=\"data:image\/svg+xml;base64,PHN2ZyB3aWR0aD0iMSIgaGVpZ2h0PSIxIiB4bWxucz0iaHR0cDovL3d3dy53My5vcmcvMjAwMC9zdmciPjwvc3ZnPg==\" style=\"--smush-placeholder-width: 300px; --smush-placeholder-aspect-ratio: 300\/280;\" \/><\/span><\/p><p><span data-contrast=\"auto\">Oxidation is the result of various biological processes occurring in the body. One of them is the overproduction of free radicals, which damage skin cells and accelerate aging, causing wrinkles, blemishes and dull skin. The powerful antioxidant effect of vitamin injection reverses this negative result and revitalizes the skin.<\/span><span data-ccp-props=\"{&quot;201341983&quot;:0,&quot;335559739&quot;:0,&quot;335559740&quot;:276}\">\u00a0<\/span><\/p><p><b><span data-contrast=\"auto\">Hyaluronic Acid<\/span><\/b><span data-ccp-props=\"{&quot;201341983&quot;:0,&quot;335559739&quot;:0,&quot;335559740&quot;:276}\">\u00a0<\/span><\/p><p><span data-contrast=\"auto\">It provides re-hydration and rejuvenation of the skin. Vitamin injections or facial mesotherapies usually contain hyaluronic acid. Hyaluronic acid can be used in different proportions in mesotherapy ingredients.<\/span><span data-ccp-props=\"{&quot;201341983&quot;:0,&quot;335559739&quot;:0,&quot;335559740&quot;:276}\">\u00a0<\/span><\/p><p><b><span data-contrast=\"auto\">Vitamins<\/span><\/b><span data-ccp-props=\"{&quot;201341983&quot;:0,&quot;335559739&quot;:0,&quot;335559740&quot;:276}\">\u00a0<\/span><\/p><p><span data-contrast=\"auto\">Important vitamins for the skin include vitamin C, which lightens and regenerates pigment and age spots, vitamin E, which fights wrinkles, vitamin A, which slows down the aging process, and vitamins B3 and B9, which promote cell renewal.<\/span><span data-ccp-props=\"{&quot;201341983&quot;:0,&quot;335559739&quot;:0,&quot;335559740&quot;:276}\">\u00a0<\/span><\/p><p><b><span data-contrast=\"auto\">Minerals<\/span><\/b><span data-ccp-props=\"{&quot;201341983&quot;:0,&quot;335559739&quot;:0,&quot;335559740&quot;:276}\">\u00a0<\/span><\/p><p><span data-contrast=\"auto\">Minerals work with vitamins in our body. Zinc, silica, selenium and sulfur are among the minerals that stand out when it comes to beauty. Calcium, magnesium and copper are also useful minerals for beauty.<\/span><span data-ccp-props=\"{&quot;201341983&quot;:0,&quot;335559739&quot;:0,&quot;335559740&quot;:276}\">\u00a0<\/span><\/p><p><b><span data-contrast=\"auto\">Coenzymes<\/span><\/b><span data-ccp-props=\"{&quot;201341983&quot;:0,&quot;335559739&quot;:0,&quot;335559740&quot;:276}\">\u00a0<\/span><\/p><p><span data-contrast=\"auto\">It is the non-protein organic component of an enzyme that activates the enzyme. Coenzyme Q10 was included in the ingredients of cosmetic creams when it was found to have high anti-aging effects and its recognition increased rapidly.<\/span><span data-ccp-props=\"{&quot;201341983&quot;:0,&quot;335559739&quot;:0,&quot;335559740&quot;:276}\">\u00a0<\/span><\/p><p><b><span data-contrast=\"auto\">Amino Acids<\/span><\/b><span data-ccp-props=\"{&quot;201341983&quot;:0,&quot;335559739&quot;:0,&quot;335559740&quot;:276}\">\u00a0<\/span><\/p><p><span data-contrast=\"auto\">Peptides are amino acids with antibacterial, antibiotic and anti-inflammatory effects. Peptides are used to smooth wrinkles. Some peptides keep the skin moisturized, others tighten it.<\/span><span data-ccp-props=\"{&quot;201341983&quot;:0,&quot;335559739&quot;:0,&quot;335559740&quot;:276}\">\u00a0<\/span><\/p><p><b><span data-contrast=\"auto\">DMAE (Dimethylaminoethanol)<\/span><\/b><span data-ccp-props=\"{&quot;201341983&quot;:0,&quot;335559739&quot;:0,&quot;335559740&quot;:276}\">\u00a0<\/span><\/p><p><span data-contrast=\"auto\">DMAE has been widely used as an ingredient in some special creams since the 1990s. DMAE provides skin tightening, noticeably regresses the existing sagging and slows down the progression of sagging.<\/span><span data-ccp-props=\"{&quot;201341983&quot;:0,&quot;335559739&quot;:0,&quot;335559740&quot;:276}\">\u00a0<\/span><\/p><p><b><span data-contrast=\"auto\">Mesotherapy for Jowl and Cheek Fat<\/span><\/b><span data-ccp-props=\"{&quot;201341983&quot;:0,&quot;335559739&quot;:0,&quot;335559740&quot;:276}\">\u00a0<\/span><\/p><p><span data-contrast=\"auto\">Excess adipose tissue under the chin is an uncomfortable condition that is mostly caused by fat or genetic phenomena. Due to the aging of the skin, this fat tissue under the chin begins to look more saggy than it is. Excessive fat on the cheeks makes the jaw line of the face disappear, making the face look wide and deforming its shape. In these problems, ingredients applied with mesotherapy method are used.<\/span><span data-ccp-props=\"{&quot;201341983&quot;:0,&quot;335559739&quot;:0,&quot;335559740&quot;:276}\">\u00a0<\/span><\/p><p><span data-contrast=\"auto\">Fat melting can be achieved by injecting small amounts of injections into the area where the fat under the chin is located. This application should be performed by the physician in outpatient clinic or hospital conditions. Injections are applied for an average of 5 sessions at 10-day intervals. Normal life can be resumed immediately after the application.\u00a0<\/span><span data-ccp-props=\"{&quot;201341983&quot;:0,&quot;335559739&quot;:0,&quot;335559740&quot;:276}\">\u00a0<\/span><\/p><p><b><span data-contrast=\"auto\">Biological Lifting Mesotherapy<\/span><\/b><span data-ccp-props=\"{&quot;201341983&quot;:0,&quot;335559739&quot;:0,&quot;335559740&quot;:276}\">\u00a0<\/span><\/p><p><span data-contrast=\"auto\">This method is based on the Krebs cycle (pyruvate enters the mitochondria if oxygen is present. The oxidation of the organic fuel is completed by Krebs enzymes in the mitochondria. These metabolic pathways were elucidated by the German scientist Hans Krebs in 1937) contains all the intermediates that trigger and enhance the relevant enzymatic functions at the mitochondrial level. It eliminates the obstacles that occur in the lactic acid phase. It is composed of ingredients that help to improve muscle tissue, eliminate aging and fatigue, cellular regeneration, muscle stimulation, adynamia and muscle fatigue.<\/span><span data-ccp-props=\"{&quot;201341983&quot;:0,&quot;335559739&quot;:0,&quot;335559740&quot;:276}\">\u00a0<\/span><\/p><ul><li><span data-contrast=\"auto\">For the treatment of neck lines<\/span><span data-ccp-props=\"{&quot;201341983&quot;:0,&quot;335559739&quot;:0,&quot;335559740&quot;:276}\">\u00a0<\/span><\/li><li><span data-contrast=\"auto\">In shaping the face oval<\/span><span data-ccp-props=\"{&quot;201341983&quot;:0,&quot;335559739&quot;:0,&quot;335559740&quot;:276}\">\u00a0<\/span><\/li><li><span data-contrast=\"auto\">It is used to increase the density of the muscle filaments of the skin with its tensor effect.\u00a0<\/span><span data-ccp-props=\"{&quot;201341983&quot;:0,&quot;335559739&quot;:0,&quot;335559740&quot;:276}\">\u00a0<\/span><\/li><\/ul><p><span data-contrast=\"auto\">The application is performed by micro injection method for 3-5 sessions at 7-day intervals.<\/span><span data-ccp-props=\"{&quot;201341983&quot;:0,&quot;335559739&quot;:0,&quot;335559740&quot;:276}\">\u00a0<\/span><\/p>\t\t\t\t\t\t<\/div>\n\t\t\t\t<\/div>\n\t\t\t\t\t<\/div>\n\t\t<\/div>\n\t\t\t\t<div class=\"elementor-column elementor-col-50 elementor-top-column elementor-element elementor-element-0426c57\" data-id=\"0426c57\" data-element_type=\"column\">\n\t\t\t<div class=\"elementor-widget-wrap elementor-element-populated\">\n\t\t\t\t\t\t\t\t<div class=\"elementor-element elementor-element-25ed238 elementor-widget elementor-widget-sidebar\" data-id=\"25ed238\" data-element_type=\"widget\" data-widget_type=\"sidebar.default\">\n\t\t\t\t<div class=\"elementor-widget-container\">\n\t\t\t<div id=\"nav_menu-4\" class=\"widget gt3_widget open widget_nav_menu\"><h4 class=\"widget-title\">Uygulamalar\u0131m\u0131z<\/h4><div class=\"menu-uygulamalarimiz-container\"><ul id=\"menu-uygulamalarimiz\" class=\"menu\"><li id=\"menu-item-9941\" class=\"menu-item menu-item-type-post_type menu-item-object-page menu-item-9941\"><a href=\"https:\/\/heraderma.com\/alexandrite-lazer\/\">Alexandrite Lazer<\/a><\/li>\n<li id=\"menu-item-9943\" class=\"menu-item menu-item-type-post_type menu-item-object-page menu-item-9943\"><a href=\"https:\/\/heraderma.com\/altin-igne-igneli-radyofrekans\/\">Microneedle with Radiofrequency (Morpheus 8)<\/a><\/li>\n<li id=\"menu-item-9944\" class=\"menu-item menu-item-type-post_type menu-item-object-page menu-item-9944\"><a href=\"https:\/\/heraderma.com\/ameliyatsiz-iple-yuz-boyun-germe\/\">Non-Surgical Thread Face-Neck Lift<\/a><\/li>\n<li id=\"menu-item-9947\" class=\"menu-item menu-item-type-post_type menu-item-object-page menu-item-9947\"><a href=\"https:\/\/heraderma.com\/catlak-tedavileri\/\">Stretch Mark Treatments<\/a><\/li>\n<li id=\"menu-item-9951\" class=\"menu-item menu-item-type-post_type menu-item-object-page menu-item-9951\"><a href=\"https:\/\/heraderma.com\/cosmelan-dermamelan\/\">Cosmelan\/Dermamelan<\/a><\/li>\n<li id=\"menu-item-9953\" class=\"menu-item menu-item-type-post_type menu-item-object-page menu-item-9953\"><a href=\"https:\/\/heraderma.com\/derin-temizlik-bakimlari-dermalogica\/\">Deep Cleansing Treatments (Dermalogica)<\/a><\/li>\n<li id=\"menu-item-9957\" class=\"menu-item menu-item-type-post_type menu-item-object-page menu-item-9957\"><a href=\"https:\/\/heraderma.com\/dolgu-uygulamalari\/\">Filling Applications<\/a><\/li>\n<li id=\"menu-item-9958\" class=\"menu-item menu-item-type-post_type menu-item-object-page menu-item-9958\"><a href=\"https:\/\/heraderma.com\/dudak-dolgusu\/\">Lip Fillers<\/a><\/li>\n<li id=\"menu-item-9961\" class=\"menu-item menu-item-type-post_type menu-item-object-page menu-item-9961\"><a href=\"https:\/\/heraderma.com\/emsculpt\/\">Emsculpt<\/a><\/li>\n<li id=\"menu-item-9962\" class=\"menu-item menu-item-type-post_type menu-item-object-page menu-item-9962\"><a href=\"https:\/\/heraderma.com\/emtone\/\">Emtone<\/a><\/li>\n<li id=\"menu-item-9967\" class=\"menu-item menu-item-type-post_type menu-item-object-page menu-item-9967\"><a href=\"https:\/\/heraderma.com\/fraksiyonel-lazer-resurfx-tedavileri\/\">Fractional Laser (Resurfx) Treatments<\/a><\/li>\n<li id=\"menu-item-9971\" class=\"menu-item menu-item-type-post_type menu-item-object-page menu-item-9971\"><a href=\"https:\/\/heraderma.com\/goz-cevresi-mezoterapisi-morluk-kirisiklik\/\">Eye Contour Mesotherapy (Bruising &#8211; Wrinkles)<\/a><\/li>\n<li id=\"menu-item-9972\" class=\"menu-item menu-item-type-post_type menu-item-object-page menu-item-9972\"><a href=\"https:\/\/heraderma.com\/goz-cevresi-ve-goz-alti-uygulamalari\/\">Eye Contour and Under Eye Applications<\/a><\/li>\n<li id=\"menu-item-9979\" class=\"menu-item menu-item-type-post_type menu-item-object-page menu-item-9979\"><a href=\"https:\/\/heraderma.com\/ipl-vaskuler-tedavi\/\">IPL Vascular Treatment<\/a><\/li>\n<li id=\"menu-item-9987\" class=\"menu-item menu-item-type-post_type menu-item-object-page menu-item-9987\"><a href=\"https:\/\/heraderma.com\/kirisiklik-toksin-tedavisi\/\">Wrinkle Toxin Treatment<\/a><\/li>\n<li id=\"menu-item-9992\" class=\"menu-item menu-item-type-post_type menu-item-object-page menu-item-9992\"><a href=\"https:\/\/heraderma.com\/lazer-lifting-fraksiyonel-lazer-optimum-pulse-light-terapisi\/\">Skin Rejuvenation with lasers<\/a><\/li>\n<li id=\"menu-item-9993\" class=\"menu-item menu-item-type-post_type menu-item-object-page menu-item-9993\"><a href=\"https:\/\/heraderma.com\/lifting-amacli-dolgu-uygulamalari\/\">Filler Applications for Lifting Purposes<\/a><\/li>\n<li id=\"menu-item-9996\" class=\"menu-item menu-item-type-post_type menu-item-object-page menu-item-9996\"><a href=\"https:\/\/heraderma.com\/micropigmentasyon\/\">Micropigmentation<\/a><\/li>\n<li id=\"menu-item-9998\" class=\"menu-item menu-item-type-post_type menu-item-object-page menu-item-9998\"><a href=\"https:\/\/heraderma.com\/nd-yag-lazer\/\">Nd Yag Laser<\/a><\/li>\n<li id=\"menu-item-10001\" class=\"menu-item menu-item-type-post_type menu-item-object-page menu-item-10001\"><a href=\"https:\/\/heraderma.com\/oxygeneo-baloncuklu-cilt-bakimi\/\">Oxygeneo Treatments<\/a><\/li>\n<li id=\"menu-item-10002\" class=\"menu-item menu-item-type-post_type menu-item-object-page menu-item-10002\"><a href=\"https:\/\/heraderma.com\/paris-isiltisi-anti-aging\/\">NCTF135 HA<\/a><\/li>\n<li id=\"menu-item-10003\" class=\"menu-item menu-item-type-post_type menu-item-object-page menu-item-10003\"><a href=\"https:\/\/heraderma.com\/pb-serum\/\">PB Serum<\/a><\/li>\n<li id=\"menu-item-10007\" class=\"menu-item menu-item-type-post_type menu-item-object-page menu-item-10007\"><a href=\"https:\/\/heraderma.com\/pressoterapi-lenf-drenaj\/\">Pressotherapy (Lymph Drainage)<\/a><\/li>\n<li id=\"menu-item-10011\" class=\"menu-item menu-item-type-post_type menu-item-object-page menu-item-10011\"><a href=\"https:\/\/heraderma.com\/sac-mezoterapisi\/\">Hair Mesotherapy<\/a><\/li>\n<li id=\"menu-item-10014\" class=\"menu-item menu-item-type-post_type menu-item-object-page menu-item-10014\"><a href=\"https:\/\/heraderma.com\/selulit-mezoterapisi\/\">Cellulite Mesotherapy<\/a><\/li>\n<li id=\"menu-item-10016\" class=\"menu-item menu-item-type-post_type menu-item-object-page menu-item-10016\"><a href=\"https:\/\/heraderma.com\/soguk-lipoliz-2\/\">Cold Lipolysis<\/a><\/li>\n<li id=\"menu-item-10020\" class=\"menu-item menu-item-type-post_type menu-item-object-page menu-item-10020\"><a href=\"https:\/\/heraderma.com\/vitamin-enjeksiyonu-yuz-mezoterapisi\/\">Vitamin Injection (Facial Mesotherapy)<\/a><\/li>\n<li id=\"menu-item-10023\" class=\"menu-item menu-item-type-post_type menu-item-object-page menu-item-10023\"><a href=\"https:\/\/heraderma.com\/yanak-ve-elmacik-dolgusu\/\">Cheek and Cheek Filling<\/a><\/li>\n<\/ul><\/div><\/div>\t\t<\/div>\n\t\t\t\t<\/div>\n\t\t\t\t<div class=\"elementor-element elementor-element-ea7c01f elementor-widget elementor-widget-spacer\" data-id=\"ea7c01f\" data-element_type=\"widget\" data-widget_type=\"spacer.default\">\n\t\t\t\t<div class=\"elementor-widget-container\">\n\t\t\t\t\t<div class=\"elementor-spacer\">\n\t\t\t<div class=\"elementor-spacer-inner\"><\/div>\n\t\t<\/div>\n\t\t\t\t<\/div>\n\t\t\t\t<\/div>\n\t\t\t\t\t<\/div>\n\t\t<\/div>\n\t\t\t\t\t\t\t<\/div>\n\t\t<\/section>\n\t\t\t\t\t\t<\/div>\n\t\t\t\t\t<\/div>\n\t\t","protected":false},"excerpt":{"rendered":"<p>VITAMIN INJECTION (Mesotherapy) Antioxidant and Brightening Effect Oxidation is the result of various biological processes occurring in the body. One of them is the overproduction of free radicals, which damage skin cells and accelerate aging, causing wrinkles, blemishes and dull skin. The powerful antioxidant effect of vitamin injection reverses this negative result and revitalizes the [&hellip;]<\/p>\n","protected":false},"author":1,"featured_media":0,"parent":0,"menu_order":0,"comment_status":"closed","ping_status":"closed","template":"","meta":{"footnotes":""},"class_list":["post-12996","page","type-page","status-publish","hentry"],"yoast_head":"<!-- This site is optimized with the Yoast SEO plugin v27.5 - https:\/\/yoast.com\/product\/yoast-seo-wordpress\/ -->\n<title>Vitamin Injection (Facial Mesotherapy) - Heraderma<\/title>\n<meta name=\"description\" content=\"Vitamin enjeksiyonu (y\u00fcz mezoterapisi) g\u00fc\u00e7l\u00fc antioksidan etkisi ile k\u0131r\u0131\u015f\u0131kl\u0131k, leke ve v\u00fccutta olu\u015fan benzer etkileri tersine \u00e7evirerek cildi canland\u0131r\u0131r.\" \/>\n<meta name=\"robots\" content=\"index, follow, max-snippet:-1, max-image-preview:large, max-video-preview:-1\" \/>\n<link rel=\"canonical\" href=\"https:\/\/heraderma.com\/en\/vitamin-injection-facial-mesotherapy\/\" \/>\n<meta property=\"og:locale\" content=\"en_US\" \/>\n<meta property=\"og:type\" content=\"article\" \/>\n<meta property=\"og:title\" content=\"Vitamin Injection (Facial Mesotherapy) - Heraderma\" \/>\n<meta property=\"og:description\" content=\"Vitamin enjeksiyonu (y\u00fcz mezoterapisi) g\u00fc\u00e7l\u00fc antioksidan etkisi ile k\u0131r\u0131\u015f\u0131kl\u0131k, leke ve v\u00fccutta olu\u015fan benzer etkileri tersine \u00e7evirerek cildi canland\u0131r\u0131r.\" \/>\n<meta property=\"og:url\" content=\"https:\/\/heraderma.com\/en\/vitamin-injection-facial-mesotherapy\/\" \/>\n<meta property=\"og:site_name\" content=\"Heraderma\" \/>\n<meta property=\"article:publisher\" content=\"https:\/\/www.facebook.com\/OzelHeradermaPoliklinigi\" \/>\n<meta property=\"article:modified_time\" content=\"2023-12-04T08:49:42+00:00\" \/>\n<meta property=\"og:image\" content=\"http:\/\/heraderma.com\/wp-content\/uploads\/2021\/01\/Vitamin-Enjeksiyonu-Yuz-Mezoterapisi.jpg\" \/>\n<meta name=\"twitter:card\" content=\"summary_large_image\" \/>\n<meta name=\"twitter:site\" content=\"@heraderma\" \/>\n<meta name=\"twitter:label1\" content=\"Est. reading time\" \/>\n\t<meta name=\"twitter:data1\" content=\"5 minutes\" \/>\n<script type=\"application\/ld+json\" class=\"yoast-schema-graph\">{\"@context\":\"https:\\\/\\\/schema.org\",\"@graph\":[{\"@type\":\"WebPage\",\"@id\":\"https:\\\/\\\/heraderma.com\\\/en\\\/vitamin-injection-facial-mesotherapy\\\/\",\"url\":\"https:\\\/\\\/heraderma.com\\\/en\\\/vitamin-injection-facial-mesotherapy\\\/\",\"name\":\"Vitamin Injection (Facial Mesotherapy) - Heraderma\",\"isPartOf\":{\"@id\":\"https:\\\/\\\/heraderma.com\\\/en\\\/#website\"},\"primaryImageOfPage\":{\"@id\":\"https:\\\/\\\/heraderma.com\\\/en\\\/vitamin-injection-facial-mesotherapy\\\/#primaryimage\"},\"image\":{\"@id\":\"https:\\\/\\\/heraderma.com\\\/en\\\/vitamin-injection-facial-mesotherapy\\\/#primaryimage\"},\"thumbnailUrl\":\"http:\\\/\\\/heraderma.com\\\/wp-content\\\/uploads\\\/2021\\\/01\\\/Vitamin-Enjeksiyonu-Yuz-Mezoterapisi.jpg\",\"datePublished\":\"2020-12-03T11:11:22+00:00\",\"dateModified\":\"2023-12-04T08:49:42+00:00\",\"description\":\"Vitamin enjeksiyonu (y\u00fcz mezoterapisi) g\u00fc\u00e7l\u00fc antioksidan etkisi ile k\u0131r\u0131\u015f\u0131kl\u0131k, leke ve v\u00fccutta olu\u015fan benzer etkileri tersine \u00e7evirerek cildi canland\u0131r\u0131r.\",\"inLanguage\":\"en-US\",\"potentialAction\":[{\"@type\":\"ReadAction\",\"target\":[\"https:\\\/\\\/heraderma.com\\\/en\\\/vitamin-injection-facial-mesotherapy\\\/\"]}]},{\"@type\":\"ImageObject\",\"inLanguage\":\"en-US\",\"@id\":\"https:\\\/\\\/heraderma.com\\\/en\\\/vitamin-injection-facial-mesotherapy\\\/#primaryimage\",\"url\":\"http:\\\/\\\/heraderma.com\\\/wp-content\\\/uploads\\\/2021\\\/01\\\/Vitamin-Enjeksiyonu-Yuz-Mezoterapisi.jpg\",\"contentUrl\":\"http:\\\/\\\/heraderma.com\\\/wp-content\\\/uploads\\\/2021\\\/01\\\/Vitamin-Enjeksiyonu-Yuz-Mezoterapisi.jpg\"},{\"@type\":\"WebSite\",\"@id\":\"https:\\\/\\\/heraderma.com\\\/en\\\/#website\",\"url\":\"https:\\\/\\\/heraderma.com\\\/en\\\/\",\"name\":\"Heraderma\",\"description\":\"\u0130zmir Dermatoloji ve Lazer Klini\u011fi\",\"potentialAction\":[{\"@type\":\"SearchAction\",\"target\":{\"@type\":\"EntryPoint\",\"urlTemplate\":\"https:\\\/\\\/heraderma.com\\\/en\\\/?s={search_term_string}\"},\"query-input\":{\"@type\":\"PropertyValueSpecification\",\"valueRequired\":true,\"valueName\":\"search_term_string\"}}],\"inLanguage\":\"en-US\"}]}<\/script>\n<!-- \/ Yoast SEO plugin. -->","yoast_head_json":{"title":"Vitamin Injection (Facial Mesotherapy) - Heraderma","description":"Vitamin enjeksiyonu (y\u00fcz mezoterapisi) g\u00fc\u00e7l\u00fc antioksidan etkisi ile k\u0131r\u0131\u015f\u0131kl\u0131k, leke ve v\u00fccutta olu\u015fan benzer etkileri tersine \u00e7evirerek cildi canland\u0131r\u0131r.","robots":{"index":"index","follow":"follow","max-snippet":"max-snippet:-1","max-image-preview":"max-image-preview:large","max-video-preview":"max-video-preview:-1"},"canonical":"https:\/\/heraderma.com\/en\/vitamin-injection-facial-mesotherapy\/","og_locale":"en_US","og_type":"article","og_title":"Vitamin Injection (Facial Mesotherapy) - Heraderma","og_description":"Vitamin enjeksiyonu (y\u00fcz mezoterapisi) g\u00fc\u00e7l\u00fc antioksidan etkisi ile k\u0131r\u0131\u015f\u0131kl\u0131k, leke ve v\u00fccutta olu\u015fan benzer etkileri tersine \u00e7evirerek cildi canland\u0131r\u0131r.","og_url":"https:\/\/heraderma.com\/en\/vitamin-injection-facial-mesotherapy\/","og_site_name":"Heraderma","article_publisher":"https:\/\/www.facebook.com\/OzelHeradermaPoliklinigi","article_modified_time":"2023-12-04T08:49:42+00:00","og_image":[{"url":"http:\/\/heraderma.com\/wp-content\/uploads\/2021\/01\/Vitamin-Enjeksiyonu-Yuz-Mezoterapisi.jpg","type":"","width":"","height":""}],"twitter_card":"summary_large_image","twitter_site":"@heraderma","twitter_misc":{"Est. reading time":"5 minutes"},"schema":{"@context":"https:\/\/schema.org","@graph":[{"@type":"WebPage","@id":"https:\/\/heraderma.com\/en\/vitamin-injection-facial-mesotherapy\/","url":"https:\/\/heraderma.com\/en\/vitamin-injection-facial-mesotherapy\/","name":"Vitamin Injection (Facial Mesotherapy) - Heraderma","isPartOf":{"@id":"https:\/\/heraderma.com\/en\/#website"},"primaryImageOfPage":{"@id":"https:\/\/heraderma.com\/en\/vitamin-injection-facial-mesotherapy\/#primaryimage"},"image":{"@id":"https:\/\/heraderma.com\/en\/vitamin-injection-facial-mesotherapy\/#primaryimage"},"thumbnailUrl":"http:\/\/heraderma.com\/wp-content\/uploads\/2021\/01\/Vitamin-Enjeksiyonu-Yuz-Mezoterapisi.jpg","datePublished":"2020-12-03T11:11:22+00:00","dateModified":"2023-12-04T08:49:42+00:00","description":"Vitamin enjeksiyonu (y\u00fcz mezoterapisi) g\u00fc\u00e7l\u00fc antioksidan etkisi ile k\u0131r\u0131\u015f\u0131kl\u0131k, leke ve v\u00fccutta olu\u015fan benzer etkileri tersine \u00e7evirerek cildi canland\u0131r\u0131r.","inLanguage":"en-US","potentialAction":[{"@type":"ReadAction","target":["https:\/\/heraderma.com\/en\/vitamin-injection-facial-mesotherapy\/"]}]},{"@type":"ImageObject","inLanguage":"en-US","@id":"https:\/\/heraderma.com\/en\/vitamin-injection-facial-mesotherapy\/#primaryimage","url":"http:\/\/heraderma.com\/wp-content\/uploads\/2021\/01\/Vitamin-Enjeksiyonu-Yuz-Mezoterapisi.jpg","contentUrl":"http:\/\/heraderma.com\/wp-content\/uploads\/2021\/01\/Vitamin-Enjeksiyonu-Yuz-Mezoterapisi.jpg"},{"@type":"WebSite","@id":"https:\/\/heraderma.com\/en\/#website","url":"https:\/\/heraderma.com\/en\/","name":"Heraderma","description":"\u0130zmir Dermatoloji ve Lazer Klini\u011fi","potentialAction":[{"@type":"SearchAction","target":{"@type":"EntryPoint","urlTemplate":"https:\/\/heraderma.com\/en\/?s={search_term_string}"},"query-input":{"@type":"PropertyValueSpecification","valueRequired":true,"valueName":"search_term_string"}}],"inLanguage":"en-US"}]}},"_links":{"self":[{"href":"https:\/\/heraderma.com\/en\/wp-json\/wp\/v2\/pages\/12996","targetHints":{"allow":["GET"]}}],"collection":[{"href":"https:\/\/heraderma.com\/en\/wp-json\/wp\/v2\/pages"}],"about":[{"href":"https:\/\/heraderma.com\/en\/wp-json\/wp\/v2\/types\/page"}],"author":[{"embeddable":true,"href":"https:\/\/heraderma.com\/en\/wp-json\/wp\/v2\/users\/1"}],"replies":[{"embeddable":true,"href":"https:\/\/heraderma.com\/en\/wp-json\/wp\/v2\/comments?post=12996"}],"version-history":[{"count":8,"href":"https:\/\/heraderma.com\/en\/wp-json\/wp\/v2\/pages\/12996\/revisions"}],"predecessor-version":[{"id":13004,"href":"https:\/\/heraderma.com\/en\/wp-json\/wp\/v2\/pages\/12996\/revisions\/13004"}],"wp:attachment":[{"href":"https:\/\/heraderma.com\/en\/wp-json\/wp\/v2\/media?parent=12996"}],"curies":[{"name":"wp","href":"https:\/\/api.w.org\/{rel}","templated":true}]}}