{"id":12921,"date":"2022-04-30T17:40:54","date_gmt":"2022-04-30T14:40:54","guid":{"rendered":"https:\/\/heraderma.com\/masseter-toksini\/"},"modified":"2023-12-03T20:30:39","modified_gmt":"2023-12-03T17:30:39","slug":"masseter-toxin","status":"publish","type":"page","link":"https:\/\/heraderma.com\/en\/masseter-toxin\/","title":{"rendered":"Masseter Toxin"},"content":{"rendered":"\t\t<div data-elementor-type=\"wp-page\" data-elementor-id=\"12921\" class=\"elementor elementor-12921 elementor-10053\" data-elementor-settings=\"[]\">\n\t\t\t\t\t\t\t<div class=\"elementor-section-wrap\">\n\t\t\t\t\t\t\t<section class=\"elementor-section elementor-top-section elementor-element elementor-element-06e7dac elementor-section-boxed elementor-section-height-default elementor-section-height-default\" data-id=\"06e7dac\" data-element_type=\"section\">\n\t\t\t\t\t\t<div class=\"elementor-container elementor-column-gap-default\">\n\t\t\t\t\t<div class=\"elementor-column elementor-col-50 elementor-top-column elementor-element elementor-element-6bda22d\" data-id=\"6bda22d\" data-element_type=\"column\">\n\t\t\t<div class=\"elementor-widget-wrap elementor-element-populated\">\n\t\t\t\t\t\t\t\t<div class=\"elementor-element elementor-element-dd6c773 elementor-widget elementor-widget-image\" data-id=\"dd6c773\" data-element_type=\"widget\" data-widget_type=\"image.default\">\n\t\t\t\t<div class=\"elementor-widget-container\">\n\t\t\t\t\t\t\t\t\t\t\t\t\t\t\t<img decoding=\"async\" width=\"1050\" height=\"327\" data-src=\"https:\/\/heraderma.com\/wp-content\/uploads\/2022\/06\/masseter-toksini-heraderma.jpg\" class=\"attachment-full size-full lazyload\" alt=\"\" data-srcset=\"https:\/\/heraderma.com\/wp-content\/uploads\/2022\/06\/masseter-toksini-heraderma.jpg 1050w, https:\/\/heraderma.com\/wp-content\/uploads\/2022\/06\/masseter-toksini-heraderma-300x93.jpg 300w, https:\/\/heraderma.com\/wp-content\/uploads\/2022\/06\/masseter-toksini-heraderma-1024x319.jpg 1024w, https:\/\/heraderma.com\/wp-content\/uploads\/2022\/06\/masseter-toksini-heraderma-768x239.jpg 768w, https:\/\/heraderma.com\/wp-content\/uploads\/2022\/06\/masseter-toksini-heraderma-480x149.jpg 480w\" data-sizes=\"(max-width: 1050px) 100vw, 1050px\" title=\"Masseter Toksini\" src=\"data:image\/svg+xml;base64,PHN2ZyB3aWR0aD0iMSIgaGVpZ2h0PSIxIiB4bWxucz0iaHR0cDovL3d3dy53My5vcmcvMjAwMC9zdmciPjwvc3ZnPg==\" style=\"--smush-placeholder-width: 1050px; --smush-placeholder-aspect-ratio: 1050\/327;\" \/>\t\t\t\t\t\t\t\t\t\t\t\t\t\t\t<\/div>\n\t\t\t\t<\/div>\n\t\t\t\t<div class=\"elementor-element elementor-element-a897feb elementor-widget elementor-widget-text-editor\" data-id=\"a897feb\" data-element_type=\"widget\" data-widget_type=\"text-editor.default\">\n\t\t\t\t<div class=\"elementor-widget-container\">\n\t\t\t\t\t\t\t\t<p><span data-contrast=\"auto\">Although it is possible to alleviate fine wrinkles and mimic marks that become evident over time, slow down the formation of signs of aging and achieve a younger expression with Botox applications, sometimes more functional effects may also come to the fore. Masseter toxin application is increasingly preferred for its cosmetic benefits as well as increasing the quality of life with the effects it offers.<\/span><span data-ccp-props=\"{&quot;201341983&quot;:0,&quot;335559739&quot;:0,&quot;335559740&quot;:276}\">\u00a0<\/span><\/p><p><b><span data-contrast=\"auto\">What is Masseter Muscle?<\/span><\/b><span data-ccp-props=\"{&quot;201341983&quot;:0,&quot;335559739&quot;:0,&quot;335559740&quot;:276}\">\u00a0<\/span><\/p><p><span data-contrast=\"auto\">The masseter muscle, which can also be called the chewing muscle, is located between the cheekbones and the jawbone on both sides of the face. In some people, as a result of the structural overdevelopment and growth of the masseter muscle, the shape of the face changes; undesirable changes such as becoming angular may be encountered.\u00a0<\/span><span data-ccp-props=\"{&quot;201341983&quot;:0,&quot;335559739&quot;:0,&quot;335559740&quot;:276}\">\u00a0<\/span><\/p><p><b><span data-contrast=\"auto\">Why does the masseter muscle grow?<\/span><\/b><span data-ccp-props=\"{&quot;201341983&quot;:0,&quot;335559739&quot;:0,&quot;335559740&quot;:276}\">\u00a0<\/span><\/p><p><span data-contrast=\"auto\">Behind this structural change in the masticatory muscle;<\/span><span data-ccp-props=\"{&quot;201341983&quot;:0,&quot;335559739&quot;:0,&quot;335559740&quot;:276}\">\u00a0<\/span><\/p><ul><li><span data-contrast=\"auto\">Genetic factors,\u00a0<\/span><span data-ccp-props=\"{&quot;201341983&quot;:0,&quot;335559739&quot;:0,&quot;335559740&quot;:276}\">\u00a0<\/span><\/li><li><span data-contrast=\"auto\">Consumption of hard food,\u00a0<\/span><span data-ccp-props=\"{&quot;201341983&quot;:0,&quot;335559739&quot;:0,&quot;335559740&quot;:276}\">\u00a0<\/span><\/li><li><span data-contrast=\"auto\">Chewing gum and\u00a0<\/span><span data-ccp-props=\"{&quot;201341983&quot;:0,&quot;335559739&quot;:0,&quot;335559740&quot;:276}\">\u00a0<\/span><\/li><li><span data-contrast=\"auto\">Causes such as bruxism, i.e. teeth clenching, can be found.<\/span><span data-ccp-props=\"{&quot;201341983&quot;:0,&quot;335559739&quot;:0,&quot;335559740&quot;:276}\">\u00a0<\/span><\/li><\/ul><p><b><span data-contrast=\"auto\">What is Bruxism?<\/span><\/b><span data-ccp-props=\"{&quot;201341983&quot;:0,&quot;335559739&quot;:0,&quot;335559740&quot;:276}\">\u00a0<\/span><\/p><p><span data-contrast=\"auto\">&#8216;Bruxism&#8217;, popularly known as teeth grinding and teeth clenching, can lead to a series of consequences that reduce the quality of life and affect health. Pain, which is among the complaints that usually occurs due to clenching teeth during sleep at night, affecting the jaw and teeth and neck area and concentrated in the head, can reduce the quality of life. Deformation of the tooth structure and deterioration of oral and dental health may also occur due to continuous and high force clenching of the teeth.\u00a0<\/span><span data-ccp-props=\"{&quot;201341983&quot;:0,&quot;335559739&quot;:0,&quot;335559740&quot;:276}\">\u00a0<\/span><\/p><p><span data-contrast=\"auto\">Masseter toxin, which attracts attention with its effective results in the treatment of bruxism, can also be preferred for aesthetic purposes by people with square and hard facial features. By temporarily blocking the nerve signals of the masseter muscle in the area where it is injected, excessive contraction of the muscle is prevented. Thus, it can be ensured that the face has a thinner and oval structure and the face shape is more balanced.<\/span><span data-ccp-props=\"{&quot;201341983&quot;:0,&quot;335559739&quot;:0,&quot;335559740&quot;:276}\">\u00a0<\/span><\/p><p><b><span data-contrast=\"auto\">What Does Masseter Treatment Do?<\/span><\/b><span data-ccp-props=\"{&quot;201341983&quot;:0,&quot;335559739&quot;:0,&quot;335559740&quot;:276}\">\u00a0<\/span><\/p><p><span data-contrast=\"auto\">Masseter toxin, which is non-surgical and can be performed safely in a clinical setting, causes a series of effects. The following answers can be given to the question &#8220;What does masseter toxin do?&#8221;:<\/span><span data-ccp-props=\"{&quot;201341983&quot;:0,&quot;335559739&quot;:0,&quot;335559740&quot;:276}\">\u00a0<\/span><\/p><p><span data-contrast=\"auto\">With masseter toxin application;<\/span><span data-ccp-props=\"{&quot;201341983&quot;:0,&quot;335559739&quot;:0,&quot;335559740&quot;:276}\">\u00a0<\/span><\/p><ul><li><span data-contrast=\"auto\">It is possible to treat the problem of teeth grinding.<\/span><span data-ccp-props=\"{&quot;201341983&quot;:0,&quot;335559739&quot;:0,&quot;335559740&quot;:276}\">\u00a0<\/span><\/li><li><span data-contrast=\"auto\">The tension of the jaw muscles can be reduced.<\/span><span data-ccp-props=\"{&quot;201341983&quot;:0,&quot;335559739&quot;:0,&quot;335559740&quot;:276}\">\u00a0<\/span><\/li><li><span data-contrast=\"auto\">Facial, jaw, tooth, ear, headache caused by bruxism can be significantly alleviated.<\/span><span data-ccp-props=\"{&quot;201341983&quot;:0,&quot;335559739&quot;:0,&quot;335559740&quot;:276}\">\u00a0<\/span><\/li><li><span data-contrast=\"auto\">The angular appearance formed in the jaw area due to masseter hypertrophy is thinned and more elegant and feminine facial features can be achieved.<\/span><span data-ccp-props=\"{&quot;201341983&quot;:0,&quot;335559739&quot;:0,&quot;335559740&quot;:276}\">\u00a0<\/span><\/li><\/ul><p><span data-contrast=\"auto\">Although very successful results can be obtained with masseter toxin within the scope of bruxism treatment, it is important to determine the causes of teeth clenching and to plan treatment for these causes in order to make a more long-term and effective treatment.\u00a0<\/span><span data-ccp-props=\"{&quot;201341983&quot;:0,&quot;335559739&quot;:0,&quot;335559740&quot;:276}\">\u00a0<\/span><\/p><p><b><span data-contrast=\"auto\">Who Cannot Receive Masseter Toxin Treatment?<\/span><\/b><span data-ccp-props=\"{&quot;201341983&quot;:0,&quot;335559739&quot;:0,&quot;335559740&quot;:276}\">\u00a0<\/span><\/p><p><span data-contrast=\"auto\">Masseter Bot. Tox. application is quite safe. Nevertheless, it is possible to mention some patient groups that are not considered suitable for the application. For patients with nerve and muscle diseases and inflammation at the injection site, Bot. Tox. Applications are not performed. Likewise, women who are breastfeeding and pregnant women are not considered suitable for masseter toxin. Although no specific harm of masseter toxin during breastfeeding and pregnancy has been shown in clinical studies, experts recommend staying on the safe side.<\/span><span data-ccp-props=\"{&quot;201341983&quot;:0,&quot;335559739&quot;:0,&quot;335559740&quot;:276}\">\u00a0<\/span><\/p><p><b><span data-contrast=\"auto\">How to Treat Masseter?<\/span><\/b><span data-ccp-props=\"{&quot;201341983&quot;:0,&quot;335559739&quot;:0,&quot;335559740&quot;:276}\">\u00a0<\/span><\/p><p><span data-contrast=\"auto\">Very thin needles are used during the treatment, which is performed by injecting the toxin directly into three different areas in the masseter muscle, which is approximately 8 mm deep, after the local anesthetic cream is applied to the area. Since the area is numbed before the application, patients do not feel any pain or ache. The procedure is completed in about 10 minutes.<\/span><span data-ccp-props=\"{&quot;201341983&quot;:0,&quot;335559739&quot;:0,&quot;335559740&quot;:276}\">\u00a0<\/span><\/p><p><span data-contrast=\"auto\">With a single session or repeated sessions every 3-4 months depending on the patient, it is possible to meet the aesthetic expectations of the patients and increase their quality of life, which has decreased due to teeth grinding.\u00a0<\/span><span data-ccp-props=\"{&quot;201341983&quot;:0,&quot;335559739&quot;:0,&quot;335559740&quot;:276}\">\u00a0<\/span><\/p><p><span data-contrast=\"auto\">After masseter toxin treatment, the effects begin to be seen after about 3 days. An average of 10-15 days may be required for full effect.\u00a0 When the treatment is performed by specialist physicians, the possibility of side effects is minimal. In rare cases, temporary redness, bruising and tenderness may occur in the area.<\/span><span data-ccp-props=\"{&quot;201341983&quot;:0,&quot;335559739&quot;:0,&quot;335559740&quot;:276}\">\u00a0<\/span><\/p><p><span data-contrast=\"auto\">In Heraderma clinic, as in all our treatments, we carry out patient-specific planning for masseter toxin application. We prioritize the health and comfort of our patients during our treatments performed by our specialist physicians.<\/span><\/p>\t\t\t\t\t\t<\/div>\n\t\t\t\t<\/div>\n\t\t\t\t<div class=\"elementor-element elementor-element-df5f124 elementor-widget elementor-widget-spacer\" data-id=\"df5f124\" data-element_type=\"widget\" data-widget_type=\"spacer.default\">\n\t\t\t\t<div class=\"elementor-widget-container\">\n\t\t\t\t\t<div class=\"elementor-spacer\">\n\t\t\t<div class=\"elementor-spacer-inner\"><\/div>\n\t\t<\/div>\n\t\t\t\t<\/div>\n\t\t\t\t<\/div>\n\t\t\t\t\t<\/div>\n\t\t<\/div>\n\t\t\t\t<div class=\"elementor-column elementor-col-50 elementor-top-column elementor-element elementor-element-0426c57\" data-id=\"0426c57\" data-element_type=\"column\">\n\t\t\t<div class=\"elementor-widget-wrap elementor-element-populated\">\n\t\t\t\t\t\t\t\t<div class=\"elementor-element elementor-element-25ed238 elementor-widget elementor-widget-sidebar\" data-id=\"25ed238\" data-element_type=\"widget\" data-widget_type=\"sidebar.default\">\n\t\t\t\t<div class=\"elementor-widget-container\">\n\t\t\t<div id=\"nav_menu-4\" class=\"widget gt3_widget open widget_nav_menu\"><h4 class=\"widget-title\">Uygulamalar\u0131m\u0131z<\/h4><div class=\"menu-uygulamalarimiz-container\"><ul id=\"menu-uygulamalarimiz\" class=\"menu\"><li id=\"menu-item-9941\" class=\"menu-item menu-item-type-post_type menu-item-object-page menu-item-9941\"><a href=\"https:\/\/heraderma.com\/alexandrite-lazer\/\">Alexandrite Lazer<\/a><\/li>\n<li id=\"menu-item-9943\" class=\"menu-item menu-item-type-post_type menu-item-object-page menu-item-9943\"><a href=\"https:\/\/heraderma.com\/altin-igne-igneli-radyofrekans\/\">Microneedle with Radiofrequency (Morpheus 8)<\/a><\/li>\n<li id=\"menu-item-9944\" class=\"menu-item menu-item-type-post_type menu-item-object-page menu-item-9944\"><a href=\"https:\/\/heraderma.com\/ameliyatsiz-iple-yuz-boyun-germe\/\">Non-Surgical Thread Face-Neck Lift<\/a><\/li>\n<li id=\"menu-item-9947\" class=\"menu-item menu-item-type-post_type menu-item-object-page menu-item-9947\"><a href=\"https:\/\/heraderma.com\/catlak-tedavileri\/\">Stretch Mark Treatments<\/a><\/li>\n<li id=\"menu-item-9951\" class=\"menu-item menu-item-type-post_type menu-item-object-page menu-item-9951\"><a href=\"https:\/\/heraderma.com\/cosmelan-dermamelan\/\">Cosmelan\/Dermamelan<\/a><\/li>\n<li id=\"menu-item-9953\" class=\"menu-item menu-item-type-post_type menu-item-object-page menu-item-9953\"><a href=\"https:\/\/heraderma.com\/derin-temizlik-bakimlari-dermalogica\/\">Deep Cleansing Treatments (Dermalogica)<\/a><\/li>\n<li id=\"menu-item-9957\" class=\"menu-item menu-item-type-post_type menu-item-object-page menu-item-9957\"><a href=\"https:\/\/heraderma.com\/dolgu-uygulamalari\/\">Filling Applications<\/a><\/li>\n<li id=\"menu-item-9958\" class=\"menu-item menu-item-type-post_type menu-item-object-page menu-item-9958\"><a href=\"https:\/\/heraderma.com\/dudak-dolgusu\/\">Lip Fillers<\/a><\/li>\n<li id=\"menu-item-9961\" class=\"menu-item menu-item-type-post_type menu-item-object-page menu-item-9961\"><a href=\"https:\/\/heraderma.com\/emsculpt\/\">Emsculpt<\/a><\/li>\n<li id=\"menu-item-9962\" class=\"menu-item menu-item-type-post_type menu-item-object-page menu-item-9962\"><a href=\"https:\/\/heraderma.com\/emtone\/\">Emtone<\/a><\/li>\n<li id=\"menu-item-9967\" class=\"menu-item menu-item-type-post_type menu-item-object-page menu-item-9967\"><a href=\"https:\/\/heraderma.com\/fraksiyonel-lazer-resurfx-tedavileri\/\">Fractional Laser (Resurfx) Treatments<\/a><\/li>\n<li id=\"menu-item-9971\" class=\"menu-item menu-item-type-post_type menu-item-object-page menu-item-9971\"><a href=\"https:\/\/heraderma.com\/goz-cevresi-mezoterapisi-morluk-kirisiklik\/\">Eye Contour Mesotherapy (Bruising &#8211; Wrinkles)<\/a><\/li>\n<li id=\"menu-item-9972\" class=\"menu-item menu-item-type-post_type menu-item-object-page menu-item-9972\"><a href=\"https:\/\/heraderma.com\/goz-cevresi-ve-goz-alti-uygulamalari\/\">Eye Contour and Under Eye Applications<\/a><\/li>\n<li id=\"menu-item-9979\" class=\"menu-item menu-item-type-post_type menu-item-object-page menu-item-9979\"><a href=\"https:\/\/heraderma.com\/ipl-vaskuler-tedavi\/\">IPL Vascular Treatment<\/a><\/li>\n<li id=\"menu-item-9987\" class=\"menu-item menu-item-type-post_type menu-item-object-page menu-item-9987\"><a href=\"https:\/\/heraderma.com\/kirisiklik-toksin-tedavisi\/\">Wrinkle Toxin Treatment<\/a><\/li>\n<li id=\"menu-item-9992\" class=\"menu-item menu-item-type-post_type menu-item-object-page menu-item-9992\"><a href=\"https:\/\/heraderma.com\/lazer-lifting-fraksiyonel-lazer-optimum-pulse-light-terapisi\/\">Skin Rejuvenation with lasers<\/a><\/li>\n<li id=\"menu-item-9993\" class=\"menu-item menu-item-type-post_type menu-item-object-page menu-item-9993\"><a href=\"https:\/\/heraderma.com\/lifting-amacli-dolgu-uygulamalari\/\">Filler Applications for Lifting Purposes<\/a><\/li>\n<li id=\"menu-item-9996\" class=\"menu-item menu-item-type-post_type menu-item-object-page menu-item-9996\"><a href=\"https:\/\/heraderma.com\/micropigmentasyon\/\">Micropigmentation<\/a><\/li>\n<li id=\"menu-item-9998\" class=\"menu-item menu-item-type-post_type menu-item-object-page menu-item-9998\"><a href=\"https:\/\/heraderma.com\/nd-yag-lazer\/\">Nd Yag Laser<\/a><\/li>\n<li id=\"menu-item-10001\" class=\"menu-item menu-item-type-post_type menu-item-object-page menu-item-10001\"><a href=\"https:\/\/heraderma.com\/oxygeneo-baloncuklu-cilt-bakimi\/\">Oxygeneo Treatments<\/a><\/li>\n<li id=\"menu-item-10002\" class=\"menu-item menu-item-type-post_type menu-item-object-page menu-item-10002\"><a href=\"https:\/\/heraderma.com\/paris-isiltisi-anti-aging\/\">NCTF135 HA<\/a><\/li>\n<li id=\"menu-item-10003\" class=\"menu-item menu-item-type-post_type menu-item-object-page menu-item-10003\"><a href=\"https:\/\/heraderma.com\/pb-serum\/\">PB Serum<\/a><\/li>\n<li id=\"menu-item-10007\" class=\"menu-item menu-item-type-post_type menu-item-object-page menu-item-10007\"><a href=\"https:\/\/heraderma.com\/pressoterapi-lenf-drenaj\/\">Pressotherapy (Lymph Drainage)<\/a><\/li>\n<li id=\"menu-item-10011\" class=\"menu-item menu-item-type-post_type menu-item-object-page menu-item-10011\"><a href=\"https:\/\/heraderma.com\/sac-mezoterapisi\/\">Hair Mesotherapy<\/a><\/li>\n<li id=\"menu-item-10014\" class=\"menu-item menu-item-type-post_type menu-item-object-page menu-item-10014\"><a href=\"https:\/\/heraderma.com\/selulit-mezoterapisi\/\">Cellulite Mesotherapy<\/a><\/li>\n<li id=\"menu-item-10016\" class=\"menu-item menu-item-type-post_type menu-item-object-page menu-item-10016\"><a href=\"https:\/\/heraderma.com\/soguk-lipoliz-2\/\">Cold Lipolysis<\/a><\/li>\n<li id=\"menu-item-10020\" class=\"menu-item menu-item-type-post_type menu-item-object-page menu-item-10020\"><a href=\"https:\/\/heraderma.com\/vitamin-enjeksiyonu-yuz-mezoterapisi\/\">Vitamin Injection (Facial Mesotherapy)<\/a><\/li>\n<li id=\"menu-item-10023\" class=\"menu-item menu-item-type-post_type menu-item-object-page menu-item-10023\"><a href=\"https:\/\/heraderma.com\/yanak-ve-elmacik-dolgusu\/\">Cheek and Cheek Filling<\/a><\/li>\n<\/ul><\/div><\/div>\t\t<\/div>\n\t\t\t\t<\/div>\n\t\t\t\t<div class=\"elementor-element elementor-element-ea7c01f elementor-widget elementor-widget-spacer\" data-id=\"ea7c01f\" data-element_type=\"widget\" data-widget_type=\"spacer.default\">\n\t\t\t\t<div class=\"elementor-widget-container\">\n\t\t\t\t\t<div class=\"elementor-spacer\">\n\t\t\t<div class=\"elementor-spacer-inner\"><\/div>\n\t\t<\/div>\n\t\t\t\t<\/div>\n\t\t\t\t<\/div>\n\t\t\t\t\t<\/div>\n\t\t<\/div>\n\t\t\t\t\t\t\t<\/div>\n\t\t<\/section>\n\t\t\t\t\t\t<\/div>\n\t\t\t\t\t<\/div>\n\t\t","protected":false},"excerpt":{"rendered":"<p>Although it is possible to alleviate fine wrinkles and mimic marks that become evident over time, slow down the formation of signs of aging and achieve a younger expression with Botox applications, sometimes more functional effects may also come to the fore. Masseter toxin application is increasingly preferred for its cosmetic benefits as well as [&hellip;]<\/p>\n","protected":false},"author":1,"featured_media":0,"parent":0,"menu_order":0,"comment_status":"closed","ping_status":"closed","template":"","meta":{"footnotes":""},"class_list":["post-12921","page","type-page","status-publish","hentry"],"yoast_head":"<!-- This site is optimized with the Yoast SEO plugin v27.5 - https:\/\/yoast.com\/product\/yoast-seo-wordpress\/ -->\n<title>Masseter Toxin - Heraderma<\/title>\n<meta name=\"description\" content=\"Masseter (\u00e7ene) toksini uygulamas\u0131, \u00e7ene yap\u0131s\u0131nda yer alan \u015fekil bozukluklar\u0131n\u0131n tedavi edilmesi amac\u0131yla ger\u00e7ekle\u015ftirilen uygulamad\u0131r.\" \/>\n<meta name=\"robots\" content=\"index, follow, max-snippet:-1, max-image-preview:large, max-video-preview:-1\" \/>\n<link rel=\"canonical\" href=\"https:\/\/heraderma.com\/en\/masseter-toxin\/\" \/>\n<meta property=\"og:locale\" content=\"en_US\" \/>\n<meta property=\"og:type\" content=\"article\" \/>\n<meta property=\"og:title\" content=\"Masseter Toxin - Heraderma\" \/>\n<meta property=\"og:description\" content=\"Masseter (\u00e7ene) toksini uygulamas\u0131, \u00e7ene yap\u0131s\u0131nda yer alan \u015fekil bozukluklar\u0131n\u0131n tedavi edilmesi amac\u0131yla ger\u00e7ekle\u015ftirilen uygulamad\u0131r.\" \/>\n<meta property=\"og:url\" content=\"https:\/\/heraderma.com\/en\/masseter-toxin\/\" \/>\n<meta property=\"og:site_name\" content=\"Heraderma\" \/>\n<meta property=\"article:publisher\" content=\"https:\/\/www.facebook.com\/OzelHeradermaPoliklinigi\" \/>\n<meta property=\"article:modified_time\" content=\"2023-12-03T17:30:39+00:00\" \/>\n<meta property=\"og:image\" content=\"http:\/\/heraderma.com\/wp-content\/uploads\/2022\/06\/masseter-toksini-heraderma.jpg\" \/>\n<meta name=\"twitter:card\" content=\"summary_large_image\" \/>\n<meta name=\"twitter:site\" content=\"@heraderma\" \/>\n<meta name=\"twitter:label1\" content=\"Est. reading time\" \/>\n\t<meta name=\"twitter:data1\" content=\"6 minutes\" \/>\n<script type=\"application\/ld+json\" class=\"yoast-schema-graph\">{\"@context\":\"https:\\\/\\\/schema.org\",\"@graph\":[{\"@type\":\"WebPage\",\"@id\":\"https:\\\/\\\/heraderma.com\\\/en\\\/masseter-toxin\\\/\",\"url\":\"https:\\\/\\\/heraderma.com\\\/en\\\/masseter-toxin\\\/\",\"name\":\"Masseter Toxin - Heraderma\",\"isPartOf\":{\"@id\":\"https:\\\/\\\/heraderma.com\\\/en\\\/#website\"},\"primaryImageOfPage\":{\"@id\":\"https:\\\/\\\/heraderma.com\\\/en\\\/masseter-toxin\\\/#primaryimage\"},\"image\":{\"@id\":\"https:\\\/\\\/heraderma.com\\\/en\\\/masseter-toxin\\\/#primaryimage\"},\"thumbnailUrl\":\"http:\\\/\\\/heraderma.com\\\/wp-content\\\/uploads\\\/2022\\\/06\\\/masseter-toksini-heraderma.jpg\",\"datePublished\":\"2022-04-30T14:40:54+00:00\",\"dateModified\":\"2023-12-03T17:30:39+00:00\",\"description\":\"Masseter (\u00e7ene) toksini uygulamas\u0131, \u00e7ene yap\u0131s\u0131nda yer alan \u015fekil bozukluklar\u0131n\u0131n tedavi edilmesi amac\u0131yla ger\u00e7ekle\u015ftirilen uygulamad\u0131r.\",\"inLanguage\":\"en-US\",\"potentialAction\":[{\"@type\":\"ReadAction\",\"target\":[\"https:\\\/\\\/heraderma.com\\\/en\\\/masseter-toxin\\\/\"]}]},{\"@type\":\"ImageObject\",\"inLanguage\":\"en-US\",\"@id\":\"https:\\\/\\\/heraderma.com\\\/en\\\/masseter-toxin\\\/#primaryimage\",\"url\":\"http:\\\/\\\/heraderma.com\\\/wp-content\\\/uploads\\\/2022\\\/06\\\/masseter-toksini-heraderma.jpg\",\"contentUrl\":\"http:\\\/\\\/heraderma.com\\\/wp-content\\\/uploads\\\/2022\\\/06\\\/masseter-toksini-heraderma.jpg\"},{\"@type\":\"WebSite\",\"@id\":\"https:\\\/\\\/heraderma.com\\\/en\\\/#website\",\"url\":\"https:\\\/\\\/heraderma.com\\\/en\\\/\",\"name\":\"Heraderma\",\"description\":\"\u0130zmir Dermatoloji ve Lazer Klini\u011fi\",\"potentialAction\":[{\"@type\":\"SearchAction\",\"target\":{\"@type\":\"EntryPoint\",\"urlTemplate\":\"https:\\\/\\\/heraderma.com\\\/en\\\/?s={search_term_string}\"},\"query-input\":{\"@type\":\"PropertyValueSpecification\",\"valueRequired\":true,\"valueName\":\"search_term_string\"}}],\"inLanguage\":\"en-US\"}]}<\/script>\n<!-- \/ Yoast SEO plugin. -->","yoast_head_json":{"title":"Masseter Toxin - Heraderma","description":"Masseter (\u00e7ene) toksini uygulamas\u0131, \u00e7ene yap\u0131s\u0131nda yer alan \u015fekil bozukluklar\u0131n\u0131n tedavi edilmesi amac\u0131yla ger\u00e7ekle\u015ftirilen uygulamad\u0131r.","robots":{"index":"index","follow":"follow","max-snippet":"max-snippet:-1","max-image-preview":"max-image-preview:large","max-video-preview":"max-video-preview:-1"},"canonical":"https:\/\/heraderma.com\/en\/masseter-toxin\/","og_locale":"en_US","og_type":"article","og_title":"Masseter Toxin - Heraderma","og_description":"Masseter (\u00e7ene) toksini uygulamas\u0131, \u00e7ene yap\u0131s\u0131nda yer alan \u015fekil bozukluklar\u0131n\u0131n tedavi edilmesi amac\u0131yla ger\u00e7ekle\u015ftirilen uygulamad\u0131r.","og_url":"https:\/\/heraderma.com\/en\/masseter-toxin\/","og_site_name":"Heraderma","article_publisher":"https:\/\/www.facebook.com\/OzelHeradermaPoliklinigi","article_modified_time":"2023-12-03T17:30:39+00:00","og_image":[{"url":"http:\/\/heraderma.com\/wp-content\/uploads\/2022\/06\/masseter-toksini-heraderma.jpg","type":"","width":"","height":""}],"twitter_card":"summary_large_image","twitter_site":"@heraderma","twitter_misc":{"Est. reading time":"6 minutes"},"schema":{"@context":"https:\/\/schema.org","@graph":[{"@type":"WebPage","@id":"https:\/\/heraderma.com\/en\/masseter-toxin\/","url":"https:\/\/heraderma.com\/en\/masseter-toxin\/","name":"Masseter Toxin - Heraderma","isPartOf":{"@id":"https:\/\/heraderma.com\/en\/#website"},"primaryImageOfPage":{"@id":"https:\/\/heraderma.com\/en\/masseter-toxin\/#primaryimage"},"image":{"@id":"https:\/\/heraderma.com\/en\/masseter-toxin\/#primaryimage"},"thumbnailUrl":"http:\/\/heraderma.com\/wp-content\/uploads\/2022\/06\/masseter-toksini-heraderma.jpg","datePublished":"2022-04-30T14:40:54+00:00","dateModified":"2023-12-03T17:30:39+00:00","description":"Masseter (\u00e7ene) toksini uygulamas\u0131, \u00e7ene yap\u0131s\u0131nda yer alan \u015fekil bozukluklar\u0131n\u0131n tedavi edilmesi amac\u0131yla ger\u00e7ekle\u015ftirilen uygulamad\u0131r.","inLanguage":"en-US","potentialAction":[{"@type":"ReadAction","target":["https:\/\/heraderma.com\/en\/masseter-toxin\/"]}]},{"@type":"ImageObject","inLanguage":"en-US","@id":"https:\/\/heraderma.com\/en\/masseter-toxin\/#primaryimage","url":"http:\/\/heraderma.com\/wp-content\/uploads\/2022\/06\/masseter-toksini-heraderma.jpg","contentUrl":"http:\/\/heraderma.com\/wp-content\/uploads\/2022\/06\/masseter-toksini-heraderma.jpg"},{"@type":"WebSite","@id":"https:\/\/heraderma.com\/en\/#website","url":"https:\/\/heraderma.com\/en\/","name":"Heraderma","description":"\u0130zmir Dermatoloji ve Lazer Klini\u011fi","potentialAction":[{"@type":"SearchAction","target":{"@type":"EntryPoint","urlTemplate":"https:\/\/heraderma.com\/en\/?s={search_term_string}"},"query-input":{"@type":"PropertyValueSpecification","valueRequired":true,"valueName":"search_term_string"}}],"inLanguage":"en-US"}]}},"_links":{"self":[{"href":"https:\/\/heraderma.com\/en\/wp-json\/wp\/v2\/pages\/12921","targetHints":{"allow":["GET"]}}],"collection":[{"href":"https:\/\/heraderma.com\/en\/wp-json\/wp\/v2\/pages"}],"about":[{"href":"https:\/\/heraderma.com\/en\/wp-json\/wp\/v2\/types\/page"}],"author":[{"embeddable":true,"href":"https:\/\/heraderma.com\/en\/wp-json\/wp\/v2\/users\/1"}],"replies":[{"embeddable":true,"href":"https:\/\/heraderma.com\/en\/wp-json\/wp\/v2\/comments?post=12921"}],"version-history":[{"count":5,"href":"https:\/\/heraderma.com\/en\/wp-json\/wp\/v2\/pages\/12921\/revisions"}],"predecessor-version":[{"id":12926,"href":"https:\/\/heraderma.com\/en\/wp-json\/wp\/v2\/pages\/12921\/revisions\/12926"}],"wp:attachment":[{"href":"https:\/\/heraderma.com\/en\/wp-json\/wp\/v2\/media?parent=12921"}],"curies":[{"name":"wp","href":"https:\/\/api.w.org\/{rel}","templated":true}]}}