{"id":12894,"date":"2022-04-21T20:38:32","date_gmt":"2022-04-21T17:38:32","guid":{"rendered":"https:\/\/heraderma.com\/catlak-tedavileri\/"},"modified":"2023-12-01T16:15:59","modified_gmt":"2023-12-01T13:15:59","slug":"stretch-mark-treatments","status":"publish","type":"page","link":"https:\/\/heraderma.com\/en\/stretch-mark-treatments\/","title":{"rendered":"Stretch Mark Treatments"},"content":{"rendered":"\t\t<div data-elementor-type=\"wp-page\" data-elementor-id=\"12894\" class=\"elementor elementor-12894 elementor-9722\" data-elementor-settings=\"[]\">\n\t\t\t\t\t\t\t<div class=\"elementor-section-wrap\">\n\t\t\t\t\t\t\t<section class=\"elementor-section elementor-top-section elementor-element elementor-element-6b9d55d elementor-section-boxed elementor-section-height-default elementor-section-height-default\" data-id=\"6b9d55d\" data-element_type=\"section\">\n\t\t\t\t\t\t<div class=\"elementor-container elementor-column-gap-default\">\n\t\t\t\t\t<div class=\"elementor-column elementor-col-50 elementor-top-column elementor-element elementor-element-05d6ecb\" data-id=\"05d6ecb\" data-element_type=\"column\">\n\t\t\t<div class=\"elementor-widget-wrap elementor-element-populated\">\n\t\t\t\t\t\t\t\t<div class=\"elementor-element elementor-element-9c48ade elementor-widget elementor-widget-image\" data-id=\"9c48ade\" data-element_type=\"widget\" data-widget_type=\"image.default\">\n\t\t\t\t<div class=\"elementor-widget-container\">\n\t\t\t\t\t\t\t\t\t\t\t\t\t\t\t<img decoding=\"async\" width=\"1050\" height=\"327\" data-src=\"https:\/\/heraderma.com\/wp-content\/uploads\/2021\/01\/Catlak-Tedavileri.jpg\" class=\"attachment-full size-full lazyload\" alt=\"\" data-srcset=\"https:\/\/heraderma.com\/wp-content\/uploads\/2021\/01\/Catlak-Tedavileri.jpg 1050w, https:\/\/heraderma.com\/wp-content\/uploads\/2021\/01\/Catlak-Tedavileri-300x93.jpg 300w, https:\/\/heraderma.com\/wp-content\/uploads\/2021\/01\/Catlak-Tedavileri-1024x319.jpg 1024w, https:\/\/heraderma.com\/wp-content\/uploads\/2021\/01\/Catlak-Tedavileri-768x239.jpg 768w, https:\/\/heraderma.com\/wp-content\/uploads\/2021\/01\/Catlak-Tedavileri-480x149.jpg 480w\" data-sizes=\"(max-width: 1050px) 100vw, 1050px\" title=\"\u00c7atlak Tedavileri\" src=\"data:image\/svg+xml;base64,PHN2ZyB3aWR0aD0iMSIgaGVpZ2h0PSIxIiB4bWxucz0iaHR0cDovL3d3dy53My5vcmcvMjAwMC9zdmciPjwvc3ZnPg==\" style=\"--smush-placeholder-width: 1050px; --smush-placeholder-aspect-ratio: 1050\/327;\" \/>\t\t\t\t\t\t\t\t\t\t\t\t\t\t\t<\/div>\n\t\t\t\t<\/div>\n\t\t\t\t<div class=\"elementor-element elementor-element-2e5b7b6 elementor-widget elementor-widget-heading\" data-id=\"2e5b7b6\" data-element_type=\"widget\" data-widget_type=\"heading.default\">\n\t\t\t\t<div class=\"elementor-widget-container\">\n\t\t\t<h2 class=\"elementor-heading-title elementor-size-default\">Stretch Mark Treatments<\/h2>\t\t<\/div>\n\t\t\t\t<\/div>\n\t\t\t\t<div class=\"elementor-element elementor-element-4127d7e elementor-widget elementor-widget-text-editor\" data-id=\"4127d7e\" data-element_type=\"widget\" data-widget_type=\"text-editor.default\">\n\t\t\t\t<div class=\"elementor-widget-container\">\n\t\t\t\t\t\t\t\t<p><span data-contrast=\"auto\">Stretch mark treatments help to reduce and eliminate scars that cause an aesthetically unpleasant appearance on our body. Stretch marks, also known as striae, is a problem that causes visible deformations on the skin and often requires professional treatment.<\/span><span data-ccp-props=\"{&quot;201341983&quot;:0,&quot;335559739&quot;:0,&quot;335559740&quot;:276}\">\u00a0<\/span><\/p><p><span data-contrast=\"auto\">Stretch marks; It is the appearance that occurs as a result of damage to the elastin and collagen structures in the dermis layer of the skin and weakening of the bonds between the fibers. Stretch marks, which cause serious deterioration in the skin, can be purple, red or pink in color. Although it does not affect the person negatively in terms of health, it can be psychologically disturbing. Body stretch marks can usually be seen on the arms, legs, buttocks and abdomen.<\/span><span data-ccp-props=\"{&quot;201341983&quot;:0,&quot;335559739&quot;:0,&quot;335559740&quot;:276}\">\u00a0<\/span><\/p><p><span data-contrast=\"auto\">There may be many different reasons for the appearance of stretch marks.<\/span><span data-ccp-props=\"{&quot;201341983&quot;:0,&quot;335559739&quot;:0,&quot;335559740&quot;:276}\">\u00a0<\/span><\/p><p><span data-contrast=\"auto\">The main causes of stretch mark formation:<\/span><span data-ccp-props=\"{&quot;201341983&quot;:0,&quot;335559739&quot;:0,&quot;335559740&quot;:276}\">\u00a0<\/span><\/p><ul><li><span data-contrast=\"auto\">Growth (rapid change in the body&#8217;s muscle structure, volume, height, etc., especially during puberty),<\/span><span data-ccp-props=\"{&quot;201341983&quot;:0,&quot;335559739&quot;:0,&quot;335559740&quot;:276}\">\u00a0<\/span><\/li><li><span data-contrast=\"auto\">Pregnancy<\/span><span data-ccp-props=\"{&quot;201341983&quot;:0,&quot;335559739&quot;:0,&quot;335559740&quot;:276}\">\u00a0<\/span><\/li><li><span data-contrast=\"auto\">Weight gain and loss, excessive weight gain (obesity),<\/span><span data-ccp-props=\"{&quot;201341983&quot;:0,&quot;335559739&quot;:0,&quot;335559740&quot;:276}\">\u00a0<\/span><\/li><li><span data-contrast=\"auto\">Exercises that allow the muscles to develop quickly,<\/span><span data-ccp-props=\"{&quot;201341983&quot;:0,&quot;335559739&quot;:0,&quot;335559740&quot;:276}\">\u00a0<\/span><\/li><li><span data-contrast=\"auto\">Genetics,<\/span><span data-ccp-props=\"{&quot;201341983&quot;:0,&quot;335559739&quot;:0,&quot;335559740&quot;:276}\">\u00a0<\/span><\/li><li><span data-contrast=\"auto\">Some diseases (Cushing&#8217;s syndrome, chronic liver diseases),<\/span><span data-ccp-props=\"{&quot;201341983&quot;:0,&quot;335559739&quot;:0,&quot;335559740&quot;:276}\">\u00a0<\/span><\/li><li><span data-contrast=\"auto\">Some medications (birth control pills),<\/span><span data-ccp-props=\"{&quot;201341983&quot;:0,&quot;335559739&quot;:0,&quot;335559740&quot;:276}\">\u00a0<\/span><\/li><li><span data-contrast=\"auto\">Do not use cortisone cream and\/or pills for a long time,<\/span><span data-ccp-props=\"{&quot;201341983&quot;:0,&quot;335559739&quot;:0,&quot;335559740&quot;:276}\">\u00a0<\/span><\/li><li><span data-contrast=\"auto\">Do not use cortisone cream and\/or pills for a long time,<\/span><span data-ccp-props=\"{&quot;201341983&quot;:0,&quot;335559739&quot;:0,&quot;335559740&quot;:276}\">\u00a0<\/span><\/li><li><span data-contrast=\"auto\">Methods used in the treatment of diseases such as HIV, AIDS, tuberculosis, typhoid are among the main causes.<\/span><span data-ccp-props=\"{&quot;201341983&quot;:0,&quot;335559739&quot;:0,&quot;335559740&quot;:276}\">\u00a0<\/span><\/li><\/ul><p><span data-contrast=\"auto\">It aims to reduce the deformation of the skin with stretch mark treatments. It is not yet possible to completely eliminate the deformation caused by stretch marks and restore the skin. However, it can correct the skin color, reduce the depth and provide a smoother appearance.\u00a0<\/span><span data-ccp-props=\"{&quot;201341983&quot;:0,&quot;335559739&quot;:0,&quot;335559740&quot;:276}\">\u00a0<\/span><\/p><p><span data-contrast=\"auto\">Different methods applied in stretch mark treatments are as follows:<\/span><span data-ccp-props=\"{&quot;201341983&quot;:0,&quot;335559739&quot;:0,&quot;335559740&quot;:276}\">\u00a0<\/span><\/p><p><b><span data-contrast=\"auto\">Fractional CO2 Laser<\/span><\/b><span data-ccp-props=\"{&quot;201341983&quot;:0,&quot;335559739&quot;:0,&quot;335559740&quot;:276}\">\u00a0<\/span><\/p><p><span data-contrast=\"auto\">Fractional co2 laser can be used for different skin problems. It is one of the effective methods used for stretch mark treatments. In the application, laser beams are sent under the skin to increase collagen and elastin production. Collagen provides skin renewal and healthy tissue production. In this way, healthy skin is provided instead of damaged skin. Fractional laser can also strengthen the connective tissue and tighten the skin.<\/span><span data-ccp-props=\"{&quot;201341983&quot;:0,&quot;335559739&quot;:0,&quot;335559740&quot;:276}\">\u00a0<\/span><\/p><p><b><span data-contrast=\"auto\">Radio frequency<\/span><\/b><span data-ccp-props=\"{&quot;201341983&quot;:0,&quot;335559739&quot;:0,&quot;335559740&quot;:276}\">\u00a0<\/span><\/p><p><span data-contrast=\"auto\">In radio frequency application, collagen production is stimulated by sending radio frequency waves to the cracked area. In this way, collagen production increases and the skin regenerates itself. Successful and effective results can be obtained with radio frequency application for stretch mark treatment.<\/span><span data-ccp-props=\"{&quot;201341983&quot;:0,&quot;335559739&quot;:0,&quot;335559740&quot;:276}\">\u00a0<\/span><\/p><p><b><span data-contrast=\"auto\">Dermatherapy<\/span><\/b><span data-ccp-props=\"{&quot;201341983&quot;:0,&quot;335559739&quot;:0,&quot;335559740&quot;:276}\">\u00a0<\/span><\/p><p><span data-contrast=\"auto\">In the dermatherapy application, canals are created on the cracked areas with the dermaroller device. Serum and stem cell extracts are also applied to increase collagen production and support skin renewal.<\/span><span data-ccp-props=\"{&quot;201341983&quot;:0,&quot;335559739&quot;:0,&quot;335559740&quot;:276}\">\u00a0<\/span><\/p><p><b><span data-contrast=\"auto\">Biological Serum Application (Platelet Rich Plasma)<\/span><\/b><span data-ccp-props=\"{&quot;201341983&quot;:0,&quot;335559739&quot;:0,&quot;335559740&quot;:276}\">\u00a0<\/span><\/p><p><span data-contrast=\"auto\">Biological Serum Application method is the process of taking the blood of the person, separating it and injecting it back into the body. In this way, the skin regenerates itself. This application can be more effective when combined with methods such as fractional laser.<\/span><span data-ccp-props=\"{&quot;201341983&quot;:0,&quot;335559739&quot;:0,&quot;335559740&quot;:276}\">\u00a0<\/span><\/p><p><span data-contrast=\"auto\">\u00a0However, medicines and creams can also be used for stretch mark treatments. Especially when used in combination with other methods, it can increase the success of the treatment.<\/span><span data-ccp-props=\"{&quot;201341983&quot;:0,&quot;335559739&quot;:0,&quot;335559740&quot;:276}\">\u00a0<\/span><\/p><p><span data-contrast=\"auto\">The number of sessions and the treatment process may vary from person to person in the methods used in stretch mark treatments. Successful results can be obtained by continuing the treatment process with expert advice. However, it is very important for health that these applications are performed by experienced and specialized people.<\/span><span data-ccp-props=\"{&quot;201341983&quot;:0,&quot;335559739&quot;:0,&quot;335559740&quot;:276}\">\u00a0<\/span><\/p><p><span data-contrast=\"auto\">In our Heraderma Clinic, we can help you achieve a more aesthetic appearance by applying different methods of stretch mark treatments with our expert team and experienced staff.<\/span><\/p>\t\t\t\t\t\t<\/div>\n\t\t\t\t<\/div>\n\t\t\t\t\t<\/div>\n\t\t<\/div>\n\t\t\t\t<div class=\"elementor-column elementor-col-50 elementor-top-column elementor-element elementor-element-237ac69\" data-id=\"237ac69\" data-element_type=\"column\">\n\t\t\t<div class=\"elementor-widget-wrap elementor-element-populated\">\n\t\t\t\t\t\t\t\t<div class=\"elementor-element elementor-element-cab5ab5 elementor-widget elementor-widget-sidebar\" data-id=\"cab5ab5\" data-element_type=\"widget\" data-widget_type=\"sidebar.default\">\n\t\t\t\t<div class=\"elementor-widget-container\">\n\t\t\t<div id=\"nav_menu-4\" class=\"widget gt3_widget open widget_nav_menu\"><h4 class=\"widget-title\">Uygulamalar\u0131m\u0131z<\/h4><div class=\"menu-uygulamalarimiz-container\"><ul id=\"menu-uygulamalarimiz\" class=\"menu\"><li id=\"menu-item-9941\" class=\"menu-item menu-item-type-post_type menu-item-object-page menu-item-9941\"><a href=\"https:\/\/heraderma.com\/alexandrite-lazer\/\">Alexandrite Lazer<\/a><\/li>\n<li id=\"menu-item-9943\" class=\"menu-item menu-item-type-post_type menu-item-object-page menu-item-9943\"><a href=\"https:\/\/heraderma.com\/altin-igne-igneli-radyofrekans\/\">Microneedle with Radiofrequency (Morpheus 8)<\/a><\/li>\n<li id=\"menu-item-9944\" class=\"menu-item menu-item-type-post_type menu-item-object-page menu-item-9944\"><a href=\"https:\/\/heraderma.com\/ameliyatsiz-iple-yuz-boyun-germe\/\">Non-Surgical Thread Face-Neck Lift<\/a><\/li>\n<li id=\"menu-item-9947\" class=\"menu-item menu-item-type-post_type menu-item-object-page menu-item-9947\"><a href=\"https:\/\/heraderma.com\/catlak-tedavileri\/\">Stretch Mark Treatments<\/a><\/li>\n<li id=\"menu-item-9951\" class=\"menu-item menu-item-type-post_type menu-item-object-page menu-item-9951\"><a href=\"https:\/\/heraderma.com\/cosmelan-dermamelan\/\">Cosmelan\/Dermamelan<\/a><\/li>\n<li id=\"menu-item-9953\" class=\"menu-item menu-item-type-post_type menu-item-object-page menu-item-9953\"><a href=\"https:\/\/heraderma.com\/derin-temizlik-bakimlari-dermalogica\/\">Deep Cleansing Treatments (Dermalogica)<\/a><\/li>\n<li id=\"menu-item-9957\" class=\"menu-item menu-item-type-post_type menu-item-object-page menu-item-9957\"><a href=\"https:\/\/heraderma.com\/dolgu-uygulamalari\/\">Filling Applications<\/a><\/li>\n<li id=\"menu-item-9958\" class=\"menu-item menu-item-type-post_type menu-item-object-page menu-item-9958\"><a href=\"https:\/\/heraderma.com\/dudak-dolgusu\/\">Lip Fillers<\/a><\/li>\n<li id=\"menu-item-9961\" class=\"menu-item menu-item-type-post_type menu-item-object-page menu-item-9961\"><a href=\"https:\/\/heraderma.com\/emsculpt\/\">Emsculpt<\/a><\/li>\n<li id=\"menu-item-9962\" class=\"menu-item menu-item-type-post_type menu-item-object-page menu-item-9962\"><a href=\"https:\/\/heraderma.com\/emtone\/\">Emtone<\/a><\/li>\n<li id=\"menu-item-9967\" class=\"menu-item menu-item-type-post_type menu-item-object-page menu-item-9967\"><a href=\"https:\/\/heraderma.com\/fraksiyonel-lazer-resurfx-tedavileri\/\">Fractional Laser (Resurfx) Treatments<\/a><\/li>\n<li id=\"menu-item-9971\" class=\"menu-item menu-item-type-post_type menu-item-object-page menu-item-9971\"><a href=\"https:\/\/heraderma.com\/goz-cevresi-mezoterapisi-morluk-kirisiklik\/\">Eye Contour Mesotherapy (Bruising &#8211; Wrinkles)<\/a><\/li>\n<li id=\"menu-item-9972\" class=\"menu-item menu-item-type-post_type menu-item-object-page menu-item-9972\"><a href=\"https:\/\/heraderma.com\/goz-cevresi-ve-goz-alti-uygulamalari\/\">Eye Contour and Under Eye Applications<\/a><\/li>\n<li id=\"menu-item-9979\" class=\"menu-item menu-item-type-post_type menu-item-object-page menu-item-9979\"><a href=\"https:\/\/heraderma.com\/ipl-vaskuler-tedavi\/\">IPL Vascular Treatment<\/a><\/li>\n<li id=\"menu-item-9987\" class=\"menu-item menu-item-type-post_type menu-item-object-page menu-item-9987\"><a href=\"https:\/\/heraderma.com\/kirisiklik-toksin-tedavisi\/\">Wrinkle Toxin Treatment<\/a><\/li>\n<li id=\"menu-item-9992\" class=\"menu-item menu-item-type-post_type menu-item-object-page menu-item-9992\"><a href=\"https:\/\/heraderma.com\/lazer-lifting-fraksiyonel-lazer-optimum-pulse-light-terapisi\/\">Skin Rejuvenation with lasers<\/a><\/li>\n<li id=\"menu-item-9993\" class=\"menu-item menu-item-type-post_type menu-item-object-page menu-item-9993\"><a href=\"https:\/\/heraderma.com\/lifting-amacli-dolgu-uygulamalari\/\">Filler Applications for Lifting Purposes<\/a><\/li>\n<li id=\"menu-item-9996\" class=\"menu-item menu-item-type-post_type menu-item-object-page menu-item-9996\"><a href=\"https:\/\/heraderma.com\/micropigmentasyon\/\">Micropigmentation<\/a><\/li>\n<li id=\"menu-item-9998\" class=\"menu-item menu-item-type-post_type menu-item-object-page menu-item-9998\"><a href=\"https:\/\/heraderma.com\/nd-yag-lazer\/\">Nd Yag Laser<\/a><\/li>\n<li id=\"menu-item-10001\" class=\"menu-item menu-item-type-post_type menu-item-object-page menu-item-10001\"><a href=\"https:\/\/heraderma.com\/oxygeneo-baloncuklu-cilt-bakimi\/\">Oxygeneo Treatments<\/a><\/li>\n<li id=\"menu-item-10002\" class=\"menu-item menu-item-type-post_type menu-item-object-page menu-item-10002\"><a href=\"https:\/\/heraderma.com\/paris-isiltisi-anti-aging\/\">NCTF135 HA<\/a><\/li>\n<li id=\"menu-item-10003\" class=\"menu-item menu-item-type-post_type menu-item-object-page menu-item-10003\"><a href=\"https:\/\/heraderma.com\/pb-serum\/\">PB Serum<\/a><\/li>\n<li id=\"menu-item-10007\" class=\"menu-item menu-item-type-post_type menu-item-object-page menu-item-10007\"><a href=\"https:\/\/heraderma.com\/pressoterapi-lenf-drenaj\/\">Pressotherapy (Lymph Drainage)<\/a><\/li>\n<li id=\"menu-item-10011\" class=\"menu-item menu-item-type-post_type menu-item-object-page menu-item-10011\"><a href=\"https:\/\/heraderma.com\/sac-mezoterapisi\/\">Hair Mesotherapy<\/a><\/li>\n<li id=\"menu-item-10014\" class=\"menu-item menu-item-type-post_type menu-item-object-page menu-item-10014\"><a href=\"https:\/\/heraderma.com\/selulit-mezoterapisi\/\">Cellulite Mesotherapy<\/a><\/li>\n<li id=\"menu-item-10016\" class=\"menu-item menu-item-type-post_type menu-item-object-page menu-item-10016\"><a href=\"https:\/\/heraderma.com\/soguk-lipoliz-2\/\">Cold Lipolysis<\/a><\/li>\n<li id=\"menu-item-10020\" class=\"menu-item menu-item-type-post_type menu-item-object-page menu-item-10020\"><a href=\"https:\/\/heraderma.com\/vitamin-enjeksiyonu-yuz-mezoterapisi\/\">Vitamin Injection (Facial Mesotherapy)<\/a><\/li>\n<li id=\"menu-item-10023\" class=\"menu-item menu-item-type-post_type menu-item-object-page menu-item-10023\"><a href=\"https:\/\/heraderma.com\/yanak-ve-elmacik-dolgusu\/\">Cheek and Cheek Filling<\/a><\/li>\n<\/ul><\/div><\/div>\t\t<\/div>\n\t\t\t\t<\/div>\n\t\t\t\t<div class=\"elementor-element elementor-element-162dbdf elementor-widget elementor-widget-spacer\" data-id=\"162dbdf\" data-element_type=\"widget\" data-widget_type=\"spacer.default\">\n\t\t\t\t<div class=\"elementor-widget-container\">\n\t\t\t\t\t<div class=\"elementor-spacer\">\n\t\t\t<div class=\"elementor-spacer-inner\"><\/div>\n\t\t<\/div>\n\t\t\t\t<\/div>\n\t\t\t\t<\/div>\n\t\t\t\t\t<\/div>\n\t\t<\/div>\n\t\t\t\t\t\t\t<\/div>\n\t\t<\/section>\n\t\t\t\t\t\t<\/div>\n\t\t\t\t\t<\/div>\n\t\t","protected":false},"excerpt":{"rendered":"<p>Stretch Mark Treatments Stretch mark treatments help to reduce and eliminate scars that cause an aesthetically unpleasant appearance on our body. Stretch marks, also known as striae, is a problem that causes visible deformations on the skin and often requires professional treatment.\u00a0 Stretch marks; It is the appearance that occurs as a result of damage [&hellip;]<\/p>\n","protected":false},"author":1,"featured_media":0,"parent":0,"menu_order":0,"comment_status":"closed","ping_status":"closed","template":"","meta":{"footnotes":""},"class_list":["post-12894","page","type-page","status-publish","hentry"],"yoast_head":"<!-- This site is optimized with the Yoast SEO plugin v27.5 - https:\/\/yoast.com\/product\/yoast-seo-wordpress\/ -->\n<title>Stretch Mark Treatments - Heraderma<\/title>\n<meta name=\"description\" content=\"\u00c7atlak tedavileri, v\u00fccudumuzda estetik a\u00e7\u0131dan ho\u015f olmayan bir g\u00f6r\u00fcn\u00fcme yol a\u00e7an izleri azaltma ve ortadan kald\u0131rma uygulamas\u0131d\u0131r.\" \/>\n<meta name=\"robots\" content=\"index, follow, max-snippet:-1, max-image-preview:large, max-video-preview:-1\" \/>\n<link rel=\"canonical\" href=\"https:\/\/heraderma.com\/en\/stretch-mark-treatments\/\" \/>\n<meta property=\"og:locale\" content=\"en_US\" \/>\n<meta property=\"og:type\" content=\"article\" \/>\n<meta property=\"og:title\" content=\"Stretch Mark Treatments - Heraderma\" \/>\n<meta property=\"og:description\" content=\"\u00c7atlak tedavileri, v\u00fccudumuzda estetik a\u00e7\u0131dan ho\u015f olmayan bir g\u00f6r\u00fcn\u00fcme yol a\u00e7an izleri azaltma ve ortadan kald\u0131rma uygulamas\u0131d\u0131r.\" \/>\n<meta property=\"og:url\" content=\"https:\/\/heraderma.com\/en\/stretch-mark-treatments\/\" \/>\n<meta property=\"og:site_name\" content=\"Heraderma\" \/>\n<meta property=\"article:publisher\" content=\"https:\/\/www.facebook.com\/OzelHeradermaPoliklinigi\" \/>\n<meta property=\"article:modified_time\" content=\"2023-12-01T13:15:59+00:00\" \/>\n<meta property=\"og:image\" content=\"http:\/\/heraderma.com\/wp-content\/uploads\/2021\/01\/Catlak-Tedavileri.jpg\" \/>\n<meta name=\"twitter:card\" content=\"summary_large_image\" \/>\n<meta name=\"twitter:site\" content=\"@heraderma\" \/>\n<meta name=\"twitter:label1\" content=\"Est. reading time\" \/>\n\t<meta name=\"twitter:data1\" content=\"5 minutes\" \/>\n<script type=\"application\/ld+json\" class=\"yoast-schema-graph\">{\"@context\":\"https:\\\/\\\/schema.org\",\"@graph\":[{\"@type\":\"WebPage\",\"@id\":\"https:\\\/\\\/heraderma.com\\\/en\\\/stretch-mark-treatments\\\/\",\"url\":\"https:\\\/\\\/heraderma.com\\\/en\\\/stretch-mark-treatments\\\/\",\"name\":\"Stretch Mark Treatments - Heraderma\",\"isPartOf\":{\"@id\":\"https:\\\/\\\/heraderma.com\\\/en\\\/#website\"},\"primaryImageOfPage\":{\"@id\":\"https:\\\/\\\/heraderma.com\\\/en\\\/stretch-mark-treatments\\\/#primaryimage\"},\"image\":{\"@id\":\"https:\\\/\\\/heraderma.com\\\/en\\\/stretch-mark-treatments\\\/#primaryimage\"},\"thumbnailUrl\":\"http:\\\/\\\/heraderma.com\\\/wp-content\\\/uploads\\\/2021\\\/01\\\/Catlak-Tedavileri.jpg\",\"datePublished\":\"2022-04-21T17:38:32+00:00\",\"dateModified\":\"2023-12-01T13:15:59+00:00\",\"description\":\"\u00c7atlak tedavileri, v\u00fccudumuzda estetik a\u00e7\u0131dan ho\u015f olmayan bir g\u00f6r\u00fcn\u00fcme yol a\u00e7an izleri azaltma ve ortadan kald\u0131rma uygulamas\u0131d\u0131r.\",\"inLanguage\":\"en-US\",\"potentialAction\":[{\"@type\":\"ReadAction\",\"target\":[\"https:\\\/\\\/heraderma.com\\\/en\\\/stretch-mark-treatments\\\/\"]}]},{\"@type\":\"ImageObject\",\"inLanguage\":\"en-US\",\"@id\":\"https:\\\/\\\/heraderma.com\\\/en\\\/stretch-mark-treatments\\\/#primaryimage\",\"url\":\"http:\\\/\\\/heraderma.com\\\/wp-content\\\/uploads\\\/2021\\\/01\\\/Catlak-Tedavileri.jpg\",\"contentUrl\":\"http:\\\/\\\/heraderma.com\\\/wp-content\\\/uploads\\\/2021\\\/01\\\/Catlak-Tedavileri.jpg\"},{\"@type\":\"WebSite\",\"@id\":\"https:\\\/\\\/heraderma.com\\\/en\\\/#website\",\"url\":\"https:\\\/\\\/heraderma.com\\\/en\\\/\",\"name\":\"Heraderma\",\"description\":\"\u0130zmir Dermatoloji ve Lazer Klini\u011fi\",\"potentialAction\":[{\"@type\":\"SearchAction\",\"target\":{\"@type\":\"EntryPoint\",\"urlTemplate\":\"https:\\\/\\\/heraderma.com\\\/en\\\/?s={search_term_string}\"},\"query-input\":{\"@type\":\"PropertyValueSpecification\",\"valueRequired\":true,\"valueName\":\"search_term_string\"}}],\"inLanguage\":\"en-US\"}]}<\/script>\n<!-- \/ Yoast SEO plugin. -->","yoast_head_json":{"title":"Stretch Mark Treatments - Heraderma","description":"\u00c7atlak tedavileri, v\u00fccudumuzda estetik a\u00e7\u0131dan ho\u015f olmayan bir g\u00f6r\u00fcn\u00fcme yol a\u00e7an izleri azaltma ve ortadan kald\u0131rma uygulamas\u0131d\u0131r.","robots":{"index":"index","follow":"follow","max-snippet":"max-snippet:-1","max-image-preview":"max-image-preview:large","max-video-preview":"max-video-preview:-1"},"canonical":"https:\/\/heraderma.com\/en\/stretch-mark-treatments\/","og_locale":"en_US","og_type":"article","og_title":"Stretch Mark Treatments - Heraderma","og_description":"\u00c7atlak tedavileri, v\u00fccudumuzda estetik a\u00e7\u0131dan ho\u015f olmayan bir g\u00f6r\u00fcn\u00fcme yol a\u00e7an izleri azaltma ve ortadan kald\u0131rma uygulamas\u0131d\u0131r.","og_url":"https:\/\/heraderma.com\/en\/stretch-mark-treatments\/","og_site_name":"Heraderma","article_publisher":"https:\/\/www.facebook.com\/OzelHeradermaPoliklinigi","article_modified_time":"2023-12-01T13:15:59+00:00","og_image":[{"url":"http:\/\/heraderma.com\/wp-content\/uploads\/2021\/01\/Catlak-Tedavileri.jpg","type":"","width":"","height":""}],"twitter_card":"summary_large_image","twitter_site":"@heraderma","twitter_misc":{"Est. reading time":"5 minutes"},"schema":{"@context":"https:\/\/schema.org","@graph":[{"@type":"WebPage","@id":"https:\/\/heraderma.com\/en\/stretch-mark-treatments\/","url":"https:\/\/heraderma.com\/en\/stretch-mark-treatments\/","name":"Stretch Mark Treatments - Heraderma","isPartOf":{"@id":"https:\/\/heraderma.com\/en\/#website"},"primaryImageOfPage":{"@id":"https:\/\/heraderma.com\/en\/stretch-mark-treatments\/#primaryimage"},"image":{"@id":"https:\/\/heraderma.com\/en\/stretch-mark-treatments\/#primaryimage"},"thumbnailUrl":"http:\/\/heraderma.com\/wp-content\/uploads\/2021\/01\/Catlak-Tedavileri.jpg","datePublished":"2022-04-21T17:38:32+00:00","dateModified":"2023-12-01T13:15:59+00:00","description":"\u00c7atlak tedavileri, v\u00fccudumuzda estetik a\u00e7\u0131dan ho\u015f olmayan bir g\u00f6r\u00fcn\u00fcme yol a\u00e7an izleri azaltma ve ortadan kald\u0131rma uygulamas\u0131d\u0131r.","inLanguage":"en-US","potentialAction":[{"@type":"ReadAction","target":["https:\/\/heraderma.com\/en\/stretch-mark-treatments\/"]}]},{"@type":"ImageObject","inLanguage":"en-US","@id":"https:\/\/heraderma.com\/en\/stretch-mark-treatments\/#primaryimage","url":"http:\/\/heraderma.com\/wp-content\/uploads\/2021\/01\/Catlak-Tedavileri.jpg","contentUrl":"http:\/\/heraderma.com\/wp-content\/uploads\/2021\/01\/Catlak-Tedavileri.jpg"},{"@type":"WebSite","@id":"https:\/\/heraderma.com\/en\/#website","url":"https:\/\/heraderma.com\/en\/","name":"Heraderma","description":"\u0130zmir Dermatoloji ve Lazer Klini\u011fi","potentialAction":[{"@type":"SearchAction","target":{"@type":"EntryPoint","urlTemplate":"https:\/\/heraderma.com\/en\/?s={search_term_string}"},"query-input":{"@type":"PropertyValueSpecification","valueRequired":true,"valueName":"search_term_string"}}],"inLanguage":"en-US"}]}},"_links":{"self":[{"href":"https:\/\/heraderma.com\/en\/wp-json\/wp\/v2\/pages\/12894","targetHints":{"allow":["GET"]}}],"collection":[{"href":"https:\/\/heraderma.com\/en\/wp-json\/wp\/v2\/pages"}],"about":[{"href":"https:\/\/heraderma.com\/en\/wp-json\/wp\/v2\/types\/page"}],"author":[{"embeddable":true,"href":"https:\/\/heraderma.com\/en\/wp-json\/wp\/v2\/users\/1"}],"replies":[{"embeddable":true,"href":"https:\/\/heraderma.com\/en\/wp-json\/wp\/v2\/comments?post=12894"}],"version-history":[{"count":5,"href":"https:\/\/heraderma.com\/en\/wp-json\/wp\/v2\/pages\/12894\/revisions"}],"predecessor-version":[{"id":12899,"href":"https:\/\/heraderma.com\/en\/wp-json\/wp\/v2\/pages\/12894\/revisions\/12899"}],"wp:attachment":[{"href":"https:\/\/heraderma.com\/en\/wp-json\/wp\/v2\/media?parent=12894"}],"curies":[{"name":"wp","href":"https:\/\/api.w.org\/{rel}","templated":true}]}}