{"id":12846,"date":"2022-04-21T19:39:18","date_gmt":"2022-04-21T16:39:18","guid":{"rendered":"https:\/\/heraderma.com\/dudak-dolgusu\/"},"modified":"2023-12-01T13:06:32","modified_gmt":"2023-12-01T10:06:32","slug":"lip-fillers","status":"publish","type":"page","link":"https:\/\/heraderma.com\/en\/lip-fillers\/","title":{"rendered":"Lip Fillers"},"content":{"rendered":"\t\t<div data-elementor-type=\"wp-page\" data-elementor-id=\"12846\" class=\"elementor elementor-12846 elementor-9619\" data-elementor-settings=\"[]\">\n\t\t\t\t\t\t\t<div class=\"elementor-section-wrap\">\n\t\t\t\t\t\t\t<section class=\"elementor-section elementor-top-section elementor-element elementor-element-06e7dac elementor-section-boxed elementor-section-height-default elementor-section-height-default\" data-id=\"06e7dac\" data-element_type=\"section\">\n\t\t\t\t\t\t<div class=\"elementor-container elementor-column-gap-default\">\n\t\t\t\t\t<div class=\"elementor-column elementor-col-50 elementor-top-column elementor-element elementor-element-6bda22d\" data-id=\"6bda22d\" data-element_type=\"column\">\n\t\t\t<div class=\"elementor-widget-wrap elementor-element-populated\">\n\t\t\t\t\t\t\t\t<div class=\"elementor-element elementor-element-dd6c773 elementor-widget elementor-widget-image\" data-id=\"dd6c773\" data-element_type=\"widget\" data-widget_type=\"image.default\">\n\t\t\t\t<div class=\"elementor-widget-container\">\n\t\t\t\t\t\t\t\t\t\t\t\t\t\t\t<img decoding=\"async\" width=\"1050\" height=\"327\" data-src=\"https:\/\/heraderma.com\/wp-content\/uploads\/2022\/09\/Dudak-Dolgusu.jpg\" class=\"attachment-full size-full lazyload\" alt=\"\" data-srcset=\"https:\/\/heraderma.com\/wp-content\/uploads\/2022\/09\/Dudak-Dolgusu.jpg 1050w, https:\/\/heraderma.com\/wp-content\/uploads\/2022\/09\/Dudak-Dolgusu-300x93.jpg 300w, https:\/\/heraderma.com\/wp-content\/uploads\/2022\/09\/Dudak-Dolgusu-1024x319.jpg 1024w, https:\/\/heraderma.com\/wp-content\/uploads\/2022\/09\/Dudak-Dolgusu-768x239.jpg 768w, https:\/\/heraderma.com\/wp-content\/uploads\/2022\/09\/Dudak-Dolgusu-480x149.jpg 480w\" data-sizes=\"(max-width: 1050px) 100vw, 1050px\" title=\"Dudak-Dolgusu\" src=\"data:image\/svg+xml;base64,PHN2ZyB3aWR0aD0iMSIgaGVpZ2h0PSIxIiB4bWxucz0iaHR0cDovL3d3dy53My5vcmcvMjAwMC9zdmciPjwvc3ZnPg==\" style=\"--smush-placeholder-width: 1050px; --smush-placeholder-aspect-ratio: 1050\/327;\" \/>\t\t\t\t\t\t\t\t\t\t\t\t\t\t\t<\/div>\n\t\t\t\t<\/div>\n\t\t\t\t<div class=\"elementor-element elementor-element-4784950 elementor-widget elementor-widget-text-editor\" data-id=\"4784950\" data-element_type=\"widget\" data-widget_type=\"text-editor.default\">\n\t\t\t\t<div class=\"elementor-widget-container\">\n\t\t\t\t\t\t\t\t<p><span data-contrast=\"auto\">Full, natural and shaped lips have been at the center of beauty perception since time immemorial. Lips that are genetically thin or lose volume due to aging can make a person look unhappy, tired and old, while also affecting facial expression. Lip fullness, lip shape and lip symmetry, which are also accepted as an organic component of smile aesthetics, can be improved with lip filling applications.<\/span><span data-ccp-props=\"{&quot;201341983&quot;:0,&quot;335559739&quot;:0,&quot;335559740&quot;:276}\">\u00a0<\/span><\/p><p><span data-contrast=\"auto\">The ideal lip shape and fullness are not the same for everyone. The size of other organs on the face and their proportion to each other cause the concept of ideal lips to have a personal character. Nevertheless, when it comes to youth and beauty, it can be stated that shaped, symmetrical and full lips have a great effect on the ideal aesthetic appearance.<\/span><span data-ccp-props=\"{&quot;201341983&quot;:0,&quot;335559739&quot;:0,&quot;335559740&quot;:276}\">\u00a0<\/span><\/p><p><b><span data-contrast=\"auto\">What is Lip Augmentation?<\/span><\/b><span data-ccp-props=\"{&quot;201341983&quot;:0,&quot;335559739&quot;:0,&quot;335559740&quot;:276}\">\u00a0<\/span><\/p><p><span data-contrast=\"auto\">The medical aesthetic application performed with dermal fillers or fat injection techniques in order to add volume to the lips, improve the shape of the lips and harmonize the lips with the face by eliminating asymmetries in the lip area is called &#8220;lip augmentation&#8221;.<\/span><span data-ccp-props=\"{&quot;201341983&quot;:0,&quot;335559739&quot;:0,&quot;335559740&quot;:276}\">\u00a0<\/span><\/p><p><span data-contrast=\"auto\">The presence of hyaluronic acid component in dermal lip filler materials can provide additional benefits such as moisturizing the lips while having plump lips.<\/span><span data-ccp-props=\"{&quot;201341983&quot;:0,&quot;335559739&quot;:0,&quot;335559740&quot;:276}\">\u00a0<\/span><\/p><p><span data-contrast=\"auto\">Lip filler applications should be performed individually, and after analyzing the facial features of the person, the injection of the filler at the determined dose should be performed carefully.\u00a0<\/span><span data-ccp-props=\"{&quot;201341983&quot;:0,&quot;335559739&quot;:0,&quot;335559740&quot;:276}\">\u00a0<\/span><\/p><p><span data-contrast=\"auto\">With lip filler applications planned individually by specialist physicians in the field;<\/span><span data-ccp-props=\"{&quot;201341983&quot;:0,&quot;335559739&quot;:0,&quot;335559740&quot;:276}\">\u00a0<\/span><\/p><ul><li><span data-contrast=\"auto\">Lip thickening,\u00a0<\/span><span data-ccp-props=\"{&quot;201341983&quot;:0,&quot;335559739&quot;:0,&quot;335559740&quot;:276}\">\u00a0<\/span><\/li><li><span data-contrast=\"auto\">Lip contouring\u00a0<\/span><span data-ccp-props=\"{&quot;201341983&quot;:0,&quot;335559739&quot;:0,&quot;335559740&quot;:276}\">\u00a0<\/span><\/li><li><span data-contrast=\"auto\">Defining lip contours,\u00a0<\/span><span data-ccp-props=\"{&quot;201341983&quot;:0,&quot;335559739&quot;:0,&quot;335559740&quot;:276}\">\u00a0<\/span><\/li><li><span data-contrast=\"auto\">Removing asymmetries in the lips and\u00a0<\/span><span data-ccp-props=\"{&quot;201341983&quot;:0,&quot;335559739&quot;:0,&quot;335559740&quot;:276}\">\u00a0<\/span><\/li><\/ul><ul><li><span data-contrast=\"auto\">Benefits such as moisturizing the lips can be achieved simultaneously.<\/span><span data-ccp-props=\"{&quot;201341983&quot;:0,&quot;335559739&quot;:0,&quot;335559740&quot;:276}\">\u00a0<\/span><\/li><\/ul><p><span data-ccp-props=\"{&quot;201341983&quot;:0,&quot;335559739&quot;:0,&quot;335559740&quot;:276}\">\u00a0<\/span><\/p><p><b><span data-contrast=\"auto\">How is Lip Augmentation Performed?<\/span><\/b><span data-ccp-props=\"{&quot;201341983&quot;:0,&quot;335559739&quot;:0,&quot;335559740&quot;:276}\">\u00a0<\/span><\/p><p><span data-contrast=\"auto\">The amount of filler material to be used during lip augmentation and the lip area where the filler materials will be applied may vary. For this reason, it is extremely important to analyze the face before filler injections, to determine the ideal lip shape and to choose the right technique. In some patients, the injection is sufficient only for the upper lip, while some patients may only need contour clarification.<\/span><span data-ccp-props=\"{&quot;201341983&quot;:0,&quot;335559739&quot;:0,&quot;335559740&quot;:276}\">\u00a0<\/span><\/p><p><b><span data-contrast=\"auto\">Lip Filling with Dermal Fillers<\/span><\/b><span data-ccp-props=\"{&quot;201341983&quot;:0,&quot;335559739&quot;:0,&quot;335559740&quot;:276}\">\u00a0<\/span><\/p><p><span data-contrast=\"auto\">The most preferred method in lip augmentation treatments is the injection of dermal fillers containing hyaluronic acid.\u00a0<\/span><span data-ccp-props=\"{&quot;201341983&quot;:0,&quot;335559739&quot;:0,&quot;335559740&quot;:276}\">\u00a0<\/span><\/p><p><span data-contrast=\"auto\">Before the dermal fillers containing hyaluronic acid are injected into the lips, the area is numbed by applying local anesthetic cream. Therefore, patients do not feel any pain or soreness during the application.<\/span><span data-ccp-props=\"{&quot;201341983&quot;:0,&quot;335559739&quot;:0,&quot;335559740&quot;:276}\">\u00a0<\/span><\/p><p><span data-contrast=\"auto\">After the anesthesia takes effect, the fillers are injected into the designated parts of the lips with very fine-tipped needles. The lip augmentation process is completed in about 15-20 minutes.<\/span><span data-ccp-props=\"{&quot;201341983&quot;:0,&quot;335559739&quot;:0,&quot;335559740&quot;:276}\">\u00a0<\/span><\/p><p><span data-contrast=\"auto\">The change is immediately noticeable after lip augmentation with dermal fillers containing hyaluronic acid. It takes about 1 week for the lips to take their full shape. With this period, hyaluronic acid will exhibit its water retention feature.<\/span><span data-ccp-props=\"{&quot;201341983&quot;:0,&quot;335559739&quot;:0,&quot;335559740&quot;:276}\">\u00a0<\/span><\/p><p><span data-contrast=\"auto\">Those who want to have shaped and full lips are curious about the answer to the question &#8220;How many months is lip filling permanent?&#8221;. The duration of lip augmentation is 1 year on average, depending on the quality of the fillers used. After this period, lip augmentation can be repeated.<\/span><span data-ccp-props=\"{&quot;201341983&quot;:0,&quot;335559739&quot;:0,&quot;335559740&quot;:276}\">\u00a0<\/span><\/p><p><span data-contrast=\"auto\">Side effects such as regional sensitivity and redness may occur after lip augmentation performed by specialist physicians, but these side effects will disappear spontaneously within a few days.\u00a0<\/span><span data-ccp-props=\"{&quot;201341983&quot;:0,&quot;335559739&quot;:0,&quot;335559740&quot;:276}\">\u00a0<\/span><\/p><p><span data-contrast=\"auto\">It is possible for the patients to go to the controls 1-2 weeks after the lip augmentation application and to have the final touches if needed.<\/span><span data-ccp-props=\"{&quot;201341983&quot;:0,&quot;335559739&quot;:0,&quot;335559740&quot;:276}\">\u00a0<\/span><\/p><p><b><span data-contrast=\"auto\">Lip Filling with Fat Injection<\/span><\/b><span data-ccp-props=\"{&quot;201341983&quot;:0,&quot;335559739&quot;:0,&quot;335559740&quot;:276}\">\u00a0<\/span><\/p><p><span data-contrast=\"auto\">Fat injection method can also be preferred for lip augmentation.<\/span><span data-ccp-props=\"{&quot;201341983&quot;:0,&quot;335559739&quot;:0,&quot;335559740&quot;:276}\">\u00a0<\/span><\/p><p><span data-contrast=\"auto\">Lip augmentation can also be performed with fat injection. Successful results can also be obtained in the fat injection method, which is based on injecting fat cells taken from the person himself\/herself into the lips after undergoing special procedures.<\/span><span data-ccp-props=\"{&quot;201341983&quot;:0,&quot;335559739&quot;:0,&quot;335559740&quot;:276}\">\u00a0<\/span><\/p><p><span data-contrast=\"auto\">Lip augmentation with fat injection is not completely permanent; when performed with the right techniques, the permanence rate can reach 70%. Fat injection into the lips is also a single-session procedure.\u00a0<\/span><span data-ccp-props=\"{&quot;201341983&quot;:0,&quot;335559739&quot;:0,&quot;335559740&quot;:276}\">\u00a0<\/span><\/p><p><span data-contrast=\"auto\">As Heraderma, like all our medical aesthetic applications, we plan our lip filler treatment in line with the needs and expectations of our patients and aim to achieve the best results by using the highest quality filling materials.<\/span><\/p>\t\t\t\t\t\t<\/div>\n\t\t\t\t<\/div>\n\t\t\t\t\t<\/div>\n\t\t<\/div>\n\t\t\t\t<div class=\"elementor-column elementor-col-50 elementor-top-column elementor-element elementor-element-0426c57\" data-id=\"0426c57\" data-element_type=\"column\">\n\t\t\t<div class=\"elementor-widget-wrap elementor-element-populated\">\n\t\t\t\t\t\t\t\t<div class=\"elementor-element elementor-element-25ed238 elementor-widget elementor-widget-sidebar\" data-id=\"25ed238\" data-element_type=\"widget\" data-widget_type=\"sidebar.default\">\n\t\t\t\t<div class=\"elementor-widget-container\">\n\t\t\t<div id=\"nav_menu-4\" class=\"widget gt3_widget open widget_nav_menu\"><h4 class=\"widget-title\">Uygulamalar\u0131m\u0131z<\/h4><div class=\"menu-uygulamalarimiz-container\"><ul id=\"menu-uygulamalarimiz\" class=\"menu\"><li id=\"menu-item-9941\" class=\"menu-item menu-item-type-post_type menu-item-object-page menu-item-9941\"><a href=\"https:\/\/heraderma.com\/alexandrite-lazer\/\">Alexandrite Lazer<\/a><\/li>\n<li id=\"menu-item-9943\" class=\"menu-item menu-item-type-post_type menu-item-object-page menu-item-9943\"><a href=\"https:\/\/heraderma.com\/altin-igne-igneli-radyofrekans\/\">Microneedle with Radiofrequency (Morpheus 8)<\/a><\/li>\n<li id=\"menu-item-9944\" class=\"menu-item menu-item-type-post_type menu-item-object-page menu-item-9944\"><a href=\"https:\/\/heraderma.com\/ameliyatsiz-iple-yuz-boyun-germe\/\">Non-Surgical Thread Face-Neck Lift<\/a><\/li>\n<li id=\"menu-item-9947\" class=\"menu-item menu-item-type-post_type menu-item-object-page menu-item-9947\"><a href=\"https:\/\/heraderma.com\/catlak-tedavileri\/\">Stretch Mark Treatments<\/a><\/li>\n<li id=\"menu-item-9951\" class=\"menu-item menu-item-type-post_type menu-item-object-page menu-item-9951\"><a href=\"https:\/\/heraderma.com\/cosmelan-dermamelan\/\">Cosmelan\/Dermamelan<\/a><\/li>\n<li id=\"menu-item-9953\" class=\"menu-item menu-item-type-post_type menu-item-object-page menu-item-9953\"><a href=\"https:\/\/heraderma.com\/derin-temizlik-bakimlari-dermalogica\/\">Deep Cleansing Treatments (Dermalogica)<\/a><\/li>\n<li id=\"menu-item-9957\" class=\"menu-item menu-item-type-post_type menu-item-object-page menu-item-9957\"><a href=\"https:\/\/heraderma.com\/dolgu-uygulamalari\/\">Filling Applications<\/a><\/li>\n<li id=\"menu-item-9958\" class=\"menu-item menu-item-type-post_type menu-item-object-page menu-item-9958\"><a href=\"https:\/\/heraderma.com\/dudak-dolgusu\/\">Lip Fillers<\/a><\/li>\n<li id=\"menu-item-9961\" class=\"menu-item menu-item-type-post_type menu-item-object-page menu-item-9961\"><a href=\"https:\/\/heraderma.com\/emsculpt\/\">Emsculpt<\/a><\/li>\n<li id=\"menu-item-9962\" class=\"menu-item menu-item-type-post_type menu-item-object-page menu-item-9962\"><a href=\"https:\/\/heraderma.com\/emtone\/\">Emtone<\/a><\/li>\n<li id=\"menu-item-9967\" class=\"menu-item menu-item-type-post_type menu-item-object-page menu-item-9967\"><a href=\"https:\/\/heraderma.com\/fraksiyonel-lazer-resurfx-tedavileri\/\">Fractional Laser (Resurfx) Treatments<\/a><\/li>\n<li id=\"menu-item-9971\" class=\"menu-item menu-item-type-post_type menu-item-object-page menu-item-9971\"><a href=\"https:\/\/heraderma.com\/goz-cevresi-mezoterapisi-morluk-kirisiklik\/\">Eye Contour Mesotherapy (Bruising &#8211; Wrinkles)<\/a><\/li>\n<li id=\"menu-item-9972\" class=\"menu-item menu-item-type-post_type menu-item-object-page menu-item-9972\"><a href=\"https:\/\/heraderma.com\/goz-cevresi-ve-goz-alti-uygulamalari\/\">Eye Contour and Under Eye Applications<\/a><\/li>\n<li id=\"menu-item-9979\" class=\"menu-item menu-item-type-post_type menu-item-object-page menu-item-9979\"><a href=\"https:\/\/heraderma.com\/ipl-vaskuler-tedavi\/\">IPL Vascular Treatment<\/a><\/li>\n<li id=\"menu-item-9987\" class=\"menu-item menu-item-type-post_type menu-item-object-page menu-item-9987\"><a href=\"https:\/\/heraderma.com\/kirisiklik-toksin-tedavisi\/\">Wrinkle Toxin Treatment<\/a><\/li>\n<li id=\"menu-item-9992\" class=\"menu-item menu-item-type-post_type menu-item-object-page menu-item-9992\"><a href=\"https:\/\/heraderma.com\/lazer-lifting-fraksiyonel-lazer-optimum-pulse-light-terapisi\/\">Skin Rejuvenation with lasers<\/a><\/li>\n<li id=\"menu-item-9993\" class=\"menu-item menu-item-type-post_type menu-item-object-page menu-item-9993\"><a href=\"https:\/\/heraderma.com\/lifting-amacli-dolgu-uygulamalari\/\">Filler Applications for Lifting Purposes<\/a><\/li>\n<li id=\"menu-item-9996\" class=\"menu-item menu-item-type-post_type menu-item-object-page menu-item-9996\"><a href=\"https:\/\/heraderma.com\/micropigmentasyon\/\">Micropigmentation<\/a><\/li>\n<li id=\"menu-item-9998\" class=\"menu-item menu-item-type-post_type menu-item-object-page menu-item-9998\"><a href=\"https:\/\/heraderma.com\/nd-yag-lazer\/\">Nd Yag Laser<\/a><\/li>\n<li id=\"menu-item-10001\" class=\"menu-item menu-item-type-post_type menu-item-object-page menu-item-10001\"><a href=\"https:\/\/heraderma.com\/oxygeneo-baloncuklu-cilt-bakimi\/\">Oxygeneo Treatments<\/a><\/li>\n<li id=\"menu-item-10002\" class=\"menu-item menu-item-type-post_type menu-item-object-page menu-item-10002\"><a href=\"https:\/\/heraderma.com\/paris-isiltisi-anti-aging\/\">NCTF135 HA<\/a><\/li>\n<li id=\"menu-item-10003\" class=\"menu-item menu-item-type-post_type menu-item-object-page menu-item-10003\"><a href=\"https:\/\/heraderma.com\/pb-serum\/\">PB Serum<\/a><\/li>\n<li id=\"menu-item-10007\" class=\"menu-item menu-item-type-post_type menu-item-object-page menu-item-10007\"><a href=\"https:\/\/heraderma.com\/pressoterapi-lenf-drenaj\/\">Pressotherapy (Lymph Drainage)<\/a><\/li>\n<li id=\"menu-item-10011\" class=\"menu-item menu-item-type-post_type menu-item-object-page menu-item-10011\"><a href=\"https:\/\/heraderma.com\/sac-mezoterapisi\/\">Hair Mesotherapy<\/a><\/li>\n<li id=\"menu-item-10014\" class=\"menu-item menu-item-type-post_type menu-item-object-page menu-item-10014\"><a href=\"https:\/\/heraderma.com\/selulit-mezoterapisi\/\">Cellulite Mesotherapy<\/a><\/li>\n<li id=\"menu-item-10016\" class=\"menu-item menu-item-type-post_type menu-item-object-page menu-item-10016\"><a href=\"https:\/\/heraderma.com\/soguk-lipoliz-2\/\">Cold Lipolysis<\/a><\/li>\n<li id=\"menu-item-10020\" class=\"menu-item menu-item-type-post_type menu-item-object-page menu-item-10020\"><a href=\"https:\/\/heraderma.com\/vitamin-enjeksiyonu-yuz-mezoterapisi\/\">Vitamin Injection (Facial Mesotherapy)<\/a><\/li>\n<li id=\"menu-item-10023\" class=\"menu-item menu-item-type-post_type menu-item-object-page menu-item-10023\"><a href=\"https:\/\/heraderma.com\/yanak-ve-elmacik-dolgusu\/\">Cheek and Cheek Filling<\/a><\/li>\n<\/ul><\/div><\/div>\t\t<\/div>\n\t\t\t\t<\/div>\n\t\t\t\t<div class=\"elementor-element elementor-element-ea7c01f elementor-widget elementor-widget-spacer\" data-id=\"ea7c01f\" data-element_type=\"widget\" data-widget_type=\"spacer.default\">\n\t\t\t\t<div class=\"elementor-widget-container\">\n\t\t\t\t\t<div class=\"elementor-spacer\">\n\t\t\t<div class=\"elementor-spacer-inner\"><\/div>\n\t\t<\/div>\n\t\t\t\t<\/div>\n\t\t\t\t<\/div>\n\t\t\t\t\t<\/div>\n\t\t<\/div>\n\t\t\t\t\t\t\t<\/div>\n\t\t<\/section>\n\t\t\t\t\t\t<\/div>\n\t\t\t\t\t<\/div>\n\t\t","protected":false},"excerpt":{"rendered":"<p>Full, natural and shaped lips have been at the center of beauty perception since time immemorial. Lips that are genetically thin or lose volume due to aging can make a person look unhappy, tired and old, while also affecting facial expression. Lip fullness, lip shape and lip symmetry, which are also accepted as an organic [&hellip;]<\/p>\n","protected":false},"author":1,"featured_media":0,"parent":0,"menu_order":0,"comment_status":"closed","ping_status":"closed","template":"","meta":{"footnotes":""},"class_list":["post-12846","page","type-page","status-publish","hentry"],"yoast_head":"<!-- This site is optimized with the Yoast SEO plugin v27.5 - https:\/\/yoast.com\/product\/yoast-seo-wordpress\/ -->\n<title>Lip Fillers - Heraderma<\/title>\n<meta name=\"description\" content=\"Dudaklar\u0131n y\u00fcz ile uyumlu hale getirilmesi i\u00e7in ger\u00e7ekle\u015ftirilen medikal estetik uygulamalara \u201cdudak dolgusu\u201d olarak adland\u0131r\u0131l\u0131r.\" \/>\n<meta name=\"robots\" content=\"index, follow, max-snippet:-1, max-image-preview:large, max-video-preview:-1\" \/>\n<link rel=\"canonical\" href=\"https:\/\/heraderma.com\/en\/lip-fillers\/\" \/>\n<meta property=\"og:locale\" content=\"en_US\" \/>\n<meta property=\"og:type\" content=\"article\" \/>\n<meta property=\"og:title\" content=\"Lip Fillers - Heraderma\" \/>\n<meta property=\"og:description\" content=\"Dudaklar\u0131n y\u00fcz ile uyumlu hale getirilmesi i\u00e7in ger\u00e7ekle\u015ftirilen medikal estetik uygulamalara \u201cdudak dolgusu\u201d olarak adland\u0131r\u0131l\u0131r.\" \/>\n<meta property=\"og:url\" content=\"https:\/\/heraderma.com\/en\/lip-fillers\/\" \/>\n<meta property=\"og:site_name\" content=\"Heraderma\" \/>\n<meta property=\"article:publisher\" content=\"https:\/\/www.facebook.com\/OzelHeradermaPoliklinigi\" \/>\n<meta property=\"article:modified_time\" content=\"2023-12-01T10:06:32+00:00\" \/>\n<meta property=\"og:image\" content=\"http:\/\/heraderma.com\/wp-content\/uploads\/2022\/09\/Dudak-Dolgusu.jpg\" \/>\n<meta name=\"twitter:card\" content=\"summary_large_image\" \/>\n<meta name=\"twitter:site\" content=\"@heraderma\" \/>\n<meta name=\"twitter:label1\" content=\"Est. reading time\" \/>\n\t<meta name=\"twitter:data1\" content=\"6 minutes\" \/>\n<script type=\"application\/ld+json\" class=\"yoast-schema-graph\">{\"@context\":\"https:\\\/\\\/schema.org\",\"@graph\":[{\"@type\":\"WebPage\",\"@id\":\"https:\\\/\\\/heraderma.com\\\/en\\\/lip-fillers\\\/\",\"url\":\"https:\\\/\\\/heraderma.com\\\/en\\\/lip-fillers\\\/\",\"name\":\"Lip Fillers - Heraderma\",\"isPartOf\":{\"@id\":\"https:\\\/\\\/heraderma.com\\\/en\\\/#website\"},\"primaryImageOfPage\":{\"@id\":\"https:\\\/\\\/heraderma.com\\\/en\\\/lip-fillers\\\/#primaryimage\"},\"image\":{\"@id\":\"https:\\\/\\\/heraderma.com\\\/en\\\/lip-fillers\\\/#primaryimage\"},\"thumbnailUrl\":\"http:\\\/\\\/heraderma.com\\\/wp-content\\\/uploads\\\/2022\\\/09\\\/Dudak-Dolgusu.jpg\",\"datePublished\":\"2022-04-21T16:39:18+00:00\",\"dateModified\":\"2023-12-01T10:06:32+00:00\",\"description\":\"Dudaklar\u0131n y\u00fcz ile uyumlu hale getirilmesi i\u00e7in ger\u00e7ekle\u015ftirilen medikal estetik uygulamalara \u201cdudak dolgusu\u201d olarak adland\u0131r\u0131l\u0131r.\",\"inLanguage\":\"en-US\",\"potentialAction\":[{\"@type\":\"ReadAction\",\"target\":[\"https:\\\/\\\/heraderma.com\\\/en\\\/lip-fillers\\\/\"]}]},{\"@type\":\"ImageObject\",\"inLanguage\":\"en-US\",\"@id\":\"https:\\\/\\\/heraderma.com\\\/en\\\/lip-fillers\\\/#primaryimage\",\"url\":\"http:\\\/\\\/heraderma.com\\\/wp-content\\\/uploads\\\/2022\\\/09\\\/Dudak-Dolgusu.jpg\",\"contentUrl\":\"http:\\\/\\\/heraderma.com\\\/wp-content\\\/uploads\\\/2022\\\/09\\\/Dudak-Dolgusu.jpg\"},{\"@type\":\"WebSite\",\"@id\":\"https:\\\/\\\/heraderma.com\\\/en\\\/#website\",\"url\":\"https:\\\/\\\/heraderma.com\\\/en\\\/\",\"name\":\"Heraderma\",\"description\":\"\u0130zmir Dermatoloji ve Lazer Klini\u011fi\",\"potentialAction\":[{\"@type\":\"SearchAction\",\"target\":{\"@type\":\"EntryPoint\",\"urlTemplate\":\"https:\\\/\\\/heraderma.com\\\/en\\\/?s={search_term_string}\"},\"query-input\":{\"@type\":\"PropertyValueSpecification\",\"valueRequired\":true,\"valueName\":\"search_term_string\"}}],\"inLanguage\":\"en-US\"}]}<\/script>\n<!-- \/ Yoast SEO plugin. -->","yoast_head_json":{"title":"Lip Fillers - Heraderma","description":"Dudaklar\u0131n y\u00fcz ile uyumlu hale getirilmesi i\u00e7in ger\u00e7ekle\u015ftirilen medikal estetik uygulamalara \u201cdudak dolgusu\u201d olarak adland\u0131r\u0131l\u0131r.","robots":{"index":"index","follow":"follow","max-snippet":"max-snippet:-1","max-image-preview":"max-image-preview:large","max-video-preview":"max-video-preview:-1"},"canonical":"https:\/\/heraderma.com\/en\/lip-fillers\/","og_locale":"en_US","og_type":"article","og_title":"Lip Fillers - Heraderma","og_description":"Dudaklar\u0131n y\u00fcz ile uyumlu hale getirilmesi i\u00e7in ger\u00e7ekle\u015ftirilen medikal estetik uygulamalara \u201cdudak dolgusu\u201d olarak adland\u0131r\u0131l\u0131r.","og_url":"https:\/\/heraderma.com\/en\/lip-fillers\/","og_site_name":"Heraderma","article_publisher":"https:\/\/www.facebook.com\/OzelHeradermaPoliklinigi","article_modified_time":"2023-12-01T10:06:32+00:00","og_image":[{"url":"http:\/\/heraderma.com\/wp-content\/uploads\/2022\/09\/Dudak-Dolgusu.jpg","type":"","width":"","height":""}],"twitter_card":"summary_large_image","twitter_site":"@heraderma","twitter_misc":{"Est. reading time":"6 minutes"},"schema":{"@context":"https:\/\/schema.org","@graph":[{"@type":"WebPage","@id":"https:\/\/heraderma.com\/en\/lip-fillers\/","url":"https:\/\/heraderma.com\/en\/lip-fillers\/","name":"Lip Fillers - Heraderma","isPartOf":{"@id":"https:\/\/heraderma.com\/en\/#website"},"primaryImageOfPage":{"@id":"https:\/\/heraderma.com\/en\/lip-fillers\/#primaryimage"},"image":{"@id":"https:\/\/heraderma.com\/en\/lip-fillers\/#primaryimage"},"thumbnailUrl":"http:\/\/heraderma.com\/wp-content\/uploads\/2022\/09\/Dudak-Dolgusu.jpg","datePublished":"2022-04-21T16:39:18+00:00","dateModified":"2023-12-01T10:06:32+00:00","description":"Dudaklar\u0131n y\u00fcz ile uyumlu hale getirilmesi i\u00e7in ger\u00e7ekle\u015ftirilen medikal estetik uygulamalara \u201cdudak dolgusu\u201d olarak adland\u0131r\u0131l\u0131r.","inLanguage":"en-US","potentialAction":[{"@type":"ReadAction","target":["https:\/\/heraderma.com\/en\/lip-fillers\/"]}]},{"@type":"ImageObject","inLanguage":"en-US","@id":"https:\/\/heraderma.com\/en\/lip-fillers\/#primaryimage","url":"http:\/\/heraderma.com\/wp-content\/uploads\/2022\/09\/Dudak-Dolgusu.jpg","contentUrl":"http:\/\/heraderma.com\/wp-content\/uploads\/2022\/09\/Dudak-Dolgusu.jpg"},{"@type":"WebSite","@id":"https:\/\/heraderma.com\/en\/#website","url":"https:\/\/heraderma.com\/en\/","name":"Heraderma","description":"\u0130zmir Dermatoloji ve Lazer Klini\u011fi","potentialAction":[{"@type":"SearchAction","target":{"@type":"EntryPoint","urlTemplate":"https:\/\/heraderma.com\/en\/?s={search_term_string}"},"query-input":{"@type":"PropertyValueSpecification","valueRequired":true,"valueName":"search_term_string"}}],"inLanguage":"en-US"}]}},"_links":{"self":[{"href":"https:\/\/heraderma.com\/en\/wp-json\/wp\/v2\/pages\/12846","targetHints":{"allow":["GET"]}}],"collection":[{"href":"https:\/\/heraderma.com\/en\/wp-json\/wp\/v2\/pages"}],"about":[{"href":"https:\/\/heraderma.com\/en\/wp-json\/wp\/v2\/types\/page"}],"author":[{"embeddable":true,"href":"https:\/\/heraderma.com\/en\/wp-json\/wp\/v2\/users\/1"}],"replies":[{"embeddable":true,"href":"https:\/\/heraderma.com\/en\/wp-json\/wp\/v2\/comments?post=12846"}],"version-history":[{"count":5,"href":"https:\/\/heraderma.com\/en\/wp-json\/wp\/v2\/pages\/12846\/revisions"}],"predecessor-version":[{"id":12851,"href":"https:\/\/heraderma.com\/en\/wp-json\/wp\/v2\/pages\/12846\/revisions\/12851"}],"wp:attachment":[{"href":"https:\/\/heraderma.com\/en\/wp-json\/wp\/v2\/media?parent=12846"}],"curies":[{"name":"wp","href":"https:\/\/api.w.org\/{rel}","templated":true}]}}