{"id":12784,"date":"2022-04-12T18:40:23","date_gmt":"2022-04-12T15:40:23","guid":{"rendered":"https:\/\/heraderma.com\/alexandrite-lazer\/"},"modified":"2023-11-29T12:26:08","modified_gmt":"2023-11-29T09:26:08","slug":"alexandrite-lazer","status":"publish","type":"page","link":"https:\/\/heraderma.com\/en\/alexandrite-lazer\/","title":{"rendered":"Alexandrite Lazer"},"content":{"rendered":"\t\t<div data-elementor-type=\"wp-page\" data-elementor-id=\"12784\" class=\"elementor elementor-12784 elementor-9481\" data-elementor-settings=\"[]\">\n\t\t\t\t\t\t\t<div class=\"elementor-section-wrap\">\n\t\t\t\t\t\t\t<section class=\"elementor-section elementor-top-section elementor-element elementor-element-06e7dac elementor-section-boxed elementor-section-height-default elementor-section-height-default\" data-id=\"06e7dac\" data-element_type=\"section\">\n\t\t\t\t\t\t<div class=\"elementor-container elementor-column-gap-default\">\n\t\t\t\t\t<div class=\"elementor-column elementor-col-50 elementor-top-column elementor-element elementor-element-937b7bb\" data-id=\"937b7bb\" data-element_type=\"column\">\n\t\t\t<div class=\"elementor-widget-wrap elementor-element-populated\">\n\t\t\t\t\t\t\t\t<div class=\"elementor-element elementor-element-dd6c773 elementor-widget elementor-widget-image\" data-id=\"dd6c773\" data-element_type=\"widget\" data-widget_type=\"image.default\">\n\t\t\t\t<div class=\"elementor-widget-container\">\n\t\t\t\t\t\t\t\t\t\t\t\t\t\t\t<img decoding=\"async\" width=\"1050\" height=\"327\" data-src=\"https:\/\/heraderma.com\/wp-content\/uploads\/2022\/04\/Alexandrite-Lazer.jpg\" class=\"attachment-full size-full lazyload\" alt=\"\" data-srcset=\"https:\/\/heraderma.com\/wp-content\/uploads\/2022\/04\/Alexandrite-Lazer.jpg 1050w, https:\/\/heraderma.com\/wp-content\/uploads\/2022\/04\/Alexandrite-Lazer-300x93.jpg 300w, https:\/\/heraderma.com\/wp-content\/uploads\/2022\/04\/Alexandrite-Lazer-1024x319.jpg 1024w, https:\/\/heraderma.com\/wp-content\/uploads\/2022\/04\/Alexandrite-Lazer-768x239.jpg 768w, https:\/\/heraderma.com\/wp-content\/uploads\/2022\/04\/Alexandrite-Lazer-480x149.jpg 480w\" data-sizes=\"(max-width: 1050px) 100vw, 1050px\" title=\"Alexandrite Lazer\" src=\"data:image\/svg+xml;base64,PHN2ZyB3aWR0aD0iMSIgaGVpZ2h0PSIxIiB4bWxucz0iaHR0cDovL3d3dy53My5vcmcvMjAwMC9zdmciPjwvc3ZnPg==\" style=\"--smush-placeholder-width: 1050px; --smush-placeholder-aspect-ratio: 1050\/327;\" \/>\t\t\t\t\t\t\t\t\t\t\t\t\t\t\t<\/div>\n\t\t\t\t<\/div>\n\t\t\t\t<div class=\"elementor-element elementor-element-c09d158 elementor-widget elementor-widget-heading\" data-id=\"c09d158\" data-element_type=\"widget\" data-widget_type=\"heading.default\">\n\t\t\t\t<div class=\"elementor-widget-container\">\n\t\t\t<h2 class=\"elementor-heading-title elementor-size-default\">Alexandrite Lazer<\/h2>\t\t<\/div>\n\t\t\t\t<\/div>\n\t\t\t\t<div class=\"elementor-element elementor-element-6192fa1 elementor-widget elementor-widget-text-editor\" data-id=\"6192fa1\" data-element_type=\"widget\" data-widget_type=\"text-editor.default\">\n\t\t\t\t<div class=\"elementor-widget-container\">\n\t\t\t\t\t\t\t\t<p><b>Alexandrite lazer<\/b><span style=\"font-weight: 400;\">, istenmeyen t\u00fcylerin yok edilmesinde kullan\u0131lan pratik ve etkili y\u00f6ntemlerden biridir. Alexandrite lazer, g\u00fc\u00e7l\u00fc so\u011futma sistemi sayesinde ac\u0131 duymadan y\u00fcksek enerji ile k\u0131l k\u00f6klerini yakarak ba\u015far\u0131l\u0131 sonu\u00e7lar al\u0131nmas\u0131n\u0131 sa\u011flayabilmektedir.<\/span><\/p>\n<p><b>Alexandrite lazer cihaz\u0131<\/b> <b>FDA<\/b><span style=\"font-weight: 400;\"> onayl\u0131 olup, 755 nanometre dalga boyunca, 1 lamba ile ortalama 1.000.000 at\u0131\u015f yapabilmektedir. Bu \u015fekilde <\/span><b>k\u0131l k\u00f6k\u00fcn\u00fc<\/b><span style=\"font-weight: 400;\"> \u0131s\u0131 ile kal\u0131c\u0131 olarak tahrip ederek istenmeyen t\u00fcylerden kurtulmay\u0131 sa\u011flayabilmektedir. Saniyede 3 at\u0131\u015f yapabilen cihaz ile epilasyon i\u015flemi \u00e7ok daha k\u0131sa s\u00fcrede bitebilmektedir. Ayr\u0131ca cihazda hasta ile ilgili bilgilerin kay\u0131tlar\u0131 tutulabilir. <\/span><\/p>\n<p><span style=\"font-weight: 400;\">Alexandrite lazer <\/span><b>epilasyon tedavisi<\/b><span style=\"font-weight: 400;\"> a\u00e7\u0131k tenli ve <\/span><b>koyu renkli<\/b><span style=\"font-weight: 400;\"> k\u0131l k\u00f6k\u00fcne sahip ki\u015filer i\u00e7in uygun bir y\u00f6ntemdir. Bunun nedeni ise melanin pigmentinin Alexandrite lazer \u0131\u015f\u0131nlar\u0131n\u0131 \u00e7ok fazla emmesidir. Koyu tenlilerde bu durum lekelenmelere ve yan\u0131klara yola a\u00e7aca\u011f\u0131ndan a\u00e7\u0131k tenli ve <\/span><b>koyu k\u0131l rengine sahip<\/b><span style=\"font-weight: 400;\"> ki\u015filerde bu lazer t\u00fcr\u00fc daha uygundur.<\/span><\/p>\n<p><i><span style=\"font-weight: 400;\">Alexandrite lazer<\/span><\/i><span style=\"font-weight: 400;\"> dalga boyu k\u0131sa oldu\u011fu ve cildin \u00e7ok derinine inemedi\u011fi i\u00e7in bacak, <\/span><b>genital b\u00f6lge <\/b> <span style=\"font-weight: 400;\">ve koltuk alt\u0131nda etkilidir. S\u0131rt, kol gibi b\u00f6lgelerde \u00e7ok etkili olmamakla birlikte y\u00fczde ince t\u00fcyler oldu\u011fu i\u00e7in t\u00fcylenmeyi art\u0131rabilece\u011finden tavsiye edilmez. \u0130\u015flem s\u0131ras\u0131nda k\u0131l k\u00f6k\u00fc \u0131s\u0131 ile tahrip edildi\u011fi i\u00e7in <\/span><b>ac\u0131<\/b><span style=\"font-weight: 400;\"> hissedilebilir. Bu nedenle lazer ba\u015fl\u0131\u011f\u0131na eklenen so\u011futucu ba\u015fl\u0131k ile cilt so\u011futuldu\u011fu i\u00e7in \u0131s\u0131dan fazla etkilenmez ve ki\u015fi daha az ac\u0131 hisseder.<\/span><\/p>\n<p><span style=\"font-weight: 400;\">Alexandrite lazer uygulamas\u0131 h\u0131zl\u0131 ve etkili sonu\u00e7lar verebilmektedir. <\/span><b>Seans<\/b><span style=\"font-weight: 400;\"> s\u00fcresi ki\u015fiye g\u00f6re ve yap\u0131lan b\u00f6lgeye g\u00f6re de\u011fi\u015fiklik g\u00f6sterebilir. Ancak ortalama 8 seans sonunda g\u00f6zle g\u00f6r\u00fcl\u00fcr sonu\u00e7lar elde edilebilir. <\/span><b>Seans aral\u0131klar\u0131<\/b><span style=\"font-weight: 400;\"> y\u00fcz b\u00f6lgesi i\u00e7in 4 hafta, <\/span><b>v\u00fccut<\/b><span style=\"font-weight: 400;\"> i\u00e7in 6-8 haftad\u0131r. Bu s\u00fcre i\u00e7erisinde <\/span><b>k\u0131l k\u00f6kleri<\/b><span style=\"font-weight: 400;\"> istenilen miktarda uzayabilmektedir. Seanslar bittikten sonra istenmeyen t\u00fcylerin \u00e7ok b\u00fcy\u00fck bir k\u0131sm\u0131 tamamen ortadan kalksa da \u00fc\u00e7 y\u0131ldan sonra bir b\u00f6l\u00fcm\u00fc tekrar \u00e7\u0131kabilmektedir. Uzman\u0131n belirleyece\u011fi kontroller ile de gerekirse tekrar <\/span><b>i\u015flem<\/b><span style=\"font-weight: 400;\"> yap\u0131labilmektedir. <\/span> <\/p>\n<p><span style=\"font-weight: 400;\">Alexandrite lazer tedavisinin genellikle k\u0131\u015f aylar\u0131nda uygulanmas\u0131 tavsiye edilir. \u00c7\u00fcnk\u00fc i\u015flemden sonra cilt hassasla\u015f\u0131r ve g\u00fcne\u015f <\/span><b>\u0131\u015f\u0131nlar\u0131na<\/b><span style=\"font-weight: 400;\"> maruz kal\u0131rsa lekelenme meydana gelebilir. <\/span><b>Uygulama sonras\u0131nda <\/b> <span style=\"font-weight: 400;\">mutlaka y\u00fcksek koruyucu etkiye sahip bir g\u00fcne\u015f koruyucu s\u00fcr\u00fclmesi gerekir. Ayr\u0131ca <\/span><b>epilasyon sonras\u0131<\/b><span style=\"font-weight: 400;\"> uzman\u0131n tavsiyeleri de uygulanmal\u0131d\u0131r. Bu \u015fekilde olu\u015fabilecek komplikasyonlar \u00f6nlenir ve istenilen etkili sonu\u00e7lar al\u0131nabilir.<\/span><\/p>\n<p><span style=\"font-weight: 400;\">Heraderma Klini\u011finde ki\u015finin gerekli cilt analizleri yap\u0131l\u0131r ve en uygun lazer \u00e7e\u015fidi belirlenir. Alexandrite lazer i\u015flemi uzman taraf\u0131ndan uygulanarak istenmeyen t\u00fcylerinizden kurtulman\u0131za yard\u0131mc\u0131 olunmaktad\u0131r.<\/span><\/p>\n\t\t\t\t\t\t<\/div>\n\t\t\t\t<\/div>\n\t\t\t\t\t<\/div>\n\t\t<\/div>\n\t\t\t\t<div class=\"elementor-column elementor-col-50 elementor-top-column elementor-element elementor-element-0426c57\" data-id=\"0426c57\" data-element_type=\"column\">\n\t\t\t<div class=\"elementor-widget-wrap elementor-element-populated\">\n\t\t\t\t\t\t\t\t<div class=\"elementor-element elementor-element-25ed238 elementor-widget elementor-widget-sidebar\" data-id=\"25ed238\" data-element_type=\"widget\" data-widget_type=\"sidebar.default\">\n\t\t\t\t<div class=\"elementor-widget-container\">\n\t\t\t<div id=\"nav_menu-4\" class=\"widget gt3_widget open widget_nav_menu\"><h4 class=\"widget-title\">Uygulamalar\u0131m\u0131z<\/h4><div class=\"menu-uygulamalarimiz-container\"><ul id=\"menu-uygulamalarimiz\" class=\"menu\"><li id=\"menu-item-9941\" class=\"menu-item menu-item-type-post_type menu-item-object-page menu-item-9941\"><a href=\"https:\/\/heraderma.com\/alexandrite-lazer\/\">Alexandrite Lazer<\/a><\/li>\n<li id=\"menu-item-9943\" class=\"menu-item menu-item-type-post_type menu-item-object-page menu-item-9943\"><a href=\"https:\/\/heraderma.com\/altin-igne-igneli-radyofrekans\/\">Microneedle with Radiofrequency (Morpheus 8)<\/a><\/li>\n<li id=\"menu-item-9944\" class=\"menu-item menu-item-type-post_type menu-item-object-page menu-item-9944\"><a href=\"https:\/\/heraderma.com\/ameliyatsiz-iple-yuz-boyun-germe\/\">Non-Surgical Thread Face-Neck Lift<\/a><\/li>\n<li id=\"menu-item-9947\" class=\"menu-item menu-item-type-post_type menu-item-object-page menu-item-9947\"><a href=\"https:\/\/heraderma.com\/catlak-tedavileri\/\">Stretch Mark Treatments<\/a><\/li>\n<li id=\"menu-item-9951\" class=\"menu-item menu-item-type-post_type menu-item-object-page menu-item-9951\"><a href=\"https:\/\/heraderma.com\/cosmelan-dermamelan\/\">Cosmelan\/Dermamelan<\/a><\/li>\n<li id=\"menu-item-9953\" class=\"menu-item menu-item-type-post_type menu-item-object-page menu-item-9953\"><a href=\"https:\/\/heraderma.com\/derin-temizlik-bakimlari-dermalogica\/\">Deep Cleansing Treatments (Dermalogica)<\/a><\/li>\n<li id=\"menu-item-9957\" class=\"menu-item menu-item-type-post_type menu-item-object-page menu-item-9957\"><a href=\"https:\/\/heraderma.com\/dolgu-uygulamalari\/\">Filling Applications<\/a><\/li>\n<li id=\"menu-item-9958\" class=\"menu-item menu-item-type-post_type menu-item-object-page menu-item-9958\"><a href=\"https:\/\/heraderma.com\/dudak-dolgusu\/\">Lip Fillers<\/a><\/li>\n<li id=\"menu-item-9961\" class=\"menu-item menu-item-type-post_type menu-item-object-page menu-item-9961\"><a href=\"https:\/\/heraderma.com\/emsculpt\/\">Emsculpt<\/a><\/li>\n<li id=\"menu-item-9962\" class=\"menu-item menu-item-type-post_type menu-item-object-page menu-item-9962\"><a href=\"https:\/\/heraderma.com\/emtone\/\">Emtone<\/a><\/li>\n<li id=\"menu-item-9967\" class=\"menu-item menu-item-type-post_type menu-item-object-page menu-item-9967\"><a href=\"https:\/\/heraderma.com\/fraksiyonel-lazer-resurfx-tedavileri\/\">Fractional Laser (Resurfx) Treatments<\/a><\/li>\n<li id=\"menu-item-9971\" class=\"menu-item menu-item-type-post_type menu-item-object-page menu-item-9971\"><a href=\"https:\/\/heraderma.com\/goz-cevresi-mezoterapisi-morluk-kirisiklik\/\">Eye Contour Mesotherapy (Bruising &#8211; Wrinkles)<\/a><\/li>\n<li id=\"menu-item-9972\" class=\"menu-item menu-item-type-post_type menu-item-object-page menu-item-9972\"><a href=\"https:\/\/heraderma.com\/goz-cevresi-ve-goz-alti-uygulamalari\/\">Eye Contour and Under Eye Applications<\/a><\/li>\n<li id=\"menu-item-9979\" class=\"menu-item menu-item-type-post_type menu-item-object-page menu-item-9979\"><a href=\"https:\/\/heraderma.com\/ipl-vaskuler-tedavi\/\">IPL Vascular Treatment<\/a><\/li>\n<li id=\"menu-item-9987\" class=\"menu-item menu-item-type-post_type menu-item-object-page menu-item-9987\"><a href=\"https:\/\/heraderma.com\/kirisiklik-toksin-tedavisi\/\">Wrinkle Toxin Treatment<\/a><\/li>\n<li id=\"menu-item-9992\" class=\"menu-item menu-item-type-post_type menu-item-object-page menu-item-9992\"><a href=\"https:\/\/heraderma.com\/lazer-lifting-fraksiyonel-lazer-optimum-pulse-light-terapisi\/\">Skin Rejuvenation with lasers<\/a><\/li>\n<li id=\"menu-item-9993\" class=\"menu-item menu-item-type-post_type menu-item-object-page menu-item-9993\"><a href=\"https:\/\/heraderma.com\/lifting-amacli-dolgu-uygulamalari\/\">Filler Applications for Lifting Purposes<\/a><\/li>\n<li id=\"menu-item-9996\" class=\"menu-item menu-item-type-post_type menu-item-object-page menu-item-9996\"><a href=\"https:\/\/heraderma.com\/micropigmentasyon\/\">Micropigmentation<\/a><\/li>\n<li id=\"menu-item-9998\" class=\"menu-item menu-item-type-post_type menu-item-object-page menu-item-9998\"><a href=\"https:\/\/heraderma.com\/nd-yag-lazer\/\">Nd Yag Laser<\/a><\/li>\n<li id=\"menu-item-10001\" class=\"menu-item menu-item-type-post_type menu-item-object-page menu-item-10001\"><a href=\"https:\/\/heraderma.com\/oxygeneo-baloncuklu-cilt-bakimi\/\">Oxygeneo Treatments<\/a><\/li>\n<li id=\"menu-item-10002\" class=\"menu-item menu-item-type-post_type menu-item-object-page menu-item-10002\"><a href=\"https:\/\/heraderma.com\/paris-isiltisi-anti-aging\/\">NCTF135 HA<\/a><\/li>\n<li id=\"menu-item-10003\" class=\"menu-item menu-item-type-post_type menu-item-object-page menu-item-10003\"><a href=\"https:\/\/heraderma.com\/pb-serum\/\">PB Serum<\/a><\/li>\n<li id=\"menu-item-10007\" class=\"menu-item menu-item-type-post_type menu-item-object-page menu-item-10007\"><a href=\"https:\/\/heraderma.com\/pressoterapi-lenf-drenaj\/\">Pressotherapy (Lymph Drainage)<\/a><\/li>\n<li id=\"menu-item-10011\" class=\"menu-item menu-item-type-post_type menu-item-object-page menu-item-10011\"><a href=\"https:\/\/heraderma.com\/sac-mezoterapisi\/\">Hair Mesotherapy<\/a><\/li>\n<li id=\"menu-item-10014\" class=\"menu-item menu-item-type-post_type menu-item-object-page menu-item-10014\"><a href=\"https:\/\/heraderma.com\/selulit-mezoterapisi\/\">Cellulite Mesotherapy<\/a><\/li>\n<li id=\"menu-item-10016\" class=\"menu-item menu-item-type-post_type menu-item-object-page menu-item-10016\"><a href=\"https:\/\/heraderma.com\/soguk-lipoliz-2\/\">Cold Lipolysis<\/a><\/li>\n<li id=\"menu-item-10020\" class=\"menu-item menu-item-type-post_type menu-item-object-page menu-item-10020\"><a href=\"https:\/\/heraderma.com\/vitamin-enjeksiyonu-yuz-mezoterapisi\/\">Vitamin Injection (Facial Mesotherapy)<\/a><\/li>\n<li id=\"menu-item-10023\" class=\"menu-item menu-item-type-post_type menu-item-object-page menu-item-10023\"><a href=\"https:\/\/heraderma.com\/yanak-ve-elmacik-dolgusu\/\">Cheek and Cheek Filling<\/a><\/li>\n<\/ul><\/div><\/div>\t\t<\/div>\n\t\t\t\t<\/div>\n\t\t\t\t<div class=\"elementor-element elementor-element-ea7c01f elementor-widget elementor-widget-spacer\" data-id=\"ea7c01f\" data-element_type=\"widget\" data-widget_type=\"spacer.default\">\n\t\t\t\t<div class=\"elementor-widget-container\">\n\t\t\t\t\t<div class=\"elementor-spacer\">\n\t\t\t<div class=\"elementor-spacer-inner\"><\/div>\n\t\t<\/div>\n\t\t\t\t<\/div>\n\t\t\t\t<\/div>\n\t\t\t\t\t<\/div>\n\t\t<\/div>\n\t\t\t\t\t\t\t<\/div>\n\t\t<\/section>\n\t\t\t\t\t\t<\/div>\n\t\t\t\t\t<\/div>\n\t\t","protected":false},"excerpt":{"rendered":"<p>Alexandrite Lazer Alexandrite lazer, istenmeyen t\u00fcylerin yok edilmesinde kullan\u0131lan pratik ve etkili y\u00f6ntemlerden biridir. Alexandrite lazer, g\u00fc\u00e7l\u00fc so\u011futma sistemi sayesinde ac\u0131 duymadan y\u00fcksek enerji ile k\u0131l k\u00f6klerini yakarak ba\u015far\u0131l\u0131 sonu\u00e7lar al\u0131nmas\u0131n\u0131 sa\u011flayabilmektedir. Alexandrite lazer cihaz\u0131 FDA onayl\u0131 olup, 755 nanometre dalga boyunca, 1 lamba ile ortalama 1.000.000 at\u0131\u015f yapabilmektedir. Bu \u015fekilde k\u0131l k\u00f6k\u00fcn\u00fc \u0131s\u0131 ile [&hellip;]<\/p>\n","protected":false},"author":1,"featured_media":0,"parent":0,"menu_order":0,"comment_status":"closed","ping_status":"closed","template":"","meta":{"footnotes":""},"class_list":["post-12784","page","type-page","status-publish","hentry"],"yoast_head":"<!-- This site is optimized with the Yoast SEO plugin v27.5 - https:\/\/yoast.com\/product\/yoast-seo-wordpress\/ -->\n<title>Alexandrite Lazer - Heraderma<\/title>\n<meta name=\"description\" content=\"Alexandrite lazer, istenmeyen t\u00fcylerin yok edilmesi amac\u0131yla kullan\u0131lan pratik ve etkili y\u00f6ntemlerden biridir.\" \/>\n<meta name=\"robots\" content=\"index, follow, max-snippet:-1, max-image-preview:large, max-video-preview:-1\" \/>\n<link rel=\"canonical\" href=\"https:\/\/heraderma.com\/en\/alexandrite-lazer\/\" \/>\n<meta property=\"og:locale\" content=\"en_US\" \/>\n<meta property=\"og:type\" content=\"article\" \/>\n<meta property=\"og:title\" content=\"Alexandrite Lazer - Heraderma\" \/>\n<meta property=\"og:description\" content=\"Alexandrite lazer, istenmeyen t\u00fcylerin yok edilmesi amac\u0131yla kullan\u0131lan pratik ve etkili y\u00f6ntemlerden biridir.\" \/>\n<meta property=\"og:url\" content=\"https:\/\/heraderma.com\/en\/alexandrite-lazer\/\" \/>\n<meta property=\"og:site_name\" content=\"Heraderma\" \/>\n<meta property=\"article:publisher\" content=\"https:\/\/www.facebook.com\/OzelHeradermaPoliklinigi\" \/>\n<meta property=\"article:modified_time\" content=\"2023-11-29T09:26:08+00:00\" \/>\n<meta property=\"og:image\" content=\"http:\/\/heraderma.com\/wp-content\/uploads\/2022\/04\/Alexandrite-Lazer.jpg\" \/>\n<meta name=\"twitter:card\" content=\"summary_large_image\" \/>\n<meta name=\"twitter:site\" content=\"@heraderma\" \/>\n<meta name=\"twitter:label1\" content=\"Est. reading time\" \/>\n\t<meta name=\"twitter:data1\" content=\"2 minutes\" \/>\n<script type=\"application\/ld+json\" class=\"yoast-schema-graph\">{\"@context\":\"https:\\\/\\\/schema.org\",\"@graph\":[{\"@type\":\"WebPage\",\"@id\":\"https:\\\/\\\/heraderma.com\\\/en\\\/alexandrite-lazer\\\/\",\"url\":\"https:\\\/\\\/heraderma.com\\\/en\\\/alexandrite-lazer\\\/\",\"name\":\"Alexandrite Lazer - Heraderma\",\"isPartOf\":{\"@id\":\"https:\\\/\\\/heraderma.com\\\/en\\\/#website\"},\"primaryImageOfPage\":{\"@id\":\"https:\\\/\\\/heraderma.com\\\/en\\\/alexandrite-lazer\\\/#primaryimage\"},\"image\":{\"@id\":\"https:\\\/\\\/heraderma.com\\\/en\\\/alexandrite-lazer\\\/#primaryimage\"},\"thumbnailUrl\":\"http:\\\/\\\/heraderma.com\\\/wp-content\\\/uploads\\\/2022\\\/04\\\/Alexandrite-Lazer.jpg\",\"datePublished\":\"2022-04-12T15:40:23+00:00\",\"dateModified\":\"2023-11-29T09:26:08+00:00\",\"description\":\"Alexandrite lazer, istenmeyen t\u00fcylerin yok edilmesi amac\u0131yla kullan\u0131lan pratik ve etkili y\u00f6ntemlerden biridir.\",\"inLanguage\":\"en-US\",\"potentialAction\":[{\"@type\":\"ReadAction\",\"target\":[\"https:\\\/\\\/heraderma.com\\\/en\\\/alexandrite-lazer\\\/\"]}]},{\"@type\":\"ImageObject\",\"inLanguage\":\"en-US\",\"@id\":\"https:\\\/\\\/heraderma.com\\\/en\\\/alexandrite-lazer\\\/#primaryimage\",\"url\":\"http:\\\/\\\/heraderma.com\\\/wp-content\\\/uploads\\\/2022\\\/04\\\/Alexandrite-Lazer.jpg\",\"contentUrl\":\"http:\\\/\\\/heraderma.com\\\/wp-content\\\/uploads\\\/2022\\\/04\\\/Alexandrite-Lazer.jpg\"},{\"@type\":\"WebSite\",\"@id\":\"https:\\\/\\\/heraderma.com\\\/en\\\/#website\",\"url\":\"https:\\\/\\\/heraderma.com\\\/en\\\/\",\"name\":\"Heraderma\",\"description\":\"\u0130zmir Dermatoloji ve Lazer Klini\u011fi\",\"potentialAction\":[{\"@type\":\"SearchAction\",\"target\":{\"@type\":\"EntryPoint\",\"urlTemplate\":\"https:\\\/\\\/heraderma.com\\\/en\\\/?s={search_term_string}\"},\"query-input\":{\"@type\":\"PropertyValueSpecification\",\"valueRequired\":true,\"valueName\":\"search_term_string\"}}],\"inLanguage\":\"en-US\"}]}<\/script>\n<!-- \/ Yoast SEO plugin. -->","yoast_head_json":{"title":"Alexandrite Lazer - Heraderma","description":"Alexandrite lazer, istenmeyen t\u00fcylerin yok edilmesi amac\u0131yla kullan\u0131lan pratik ve etkili y\u00f6ntemlerden biridir.","robots":{"index":"index","follow":"follow","max-snippet":"max-snippet:-1","max-image-preview":"max-image-preview:large","max-video-preview":"max-video-preview:-1"},"canonical":"https:\/\/heraderma.com\/en\/alexandrite-lazer\/","og_locale":"en_US","og_type":"article","og_title":"Alexandrite Lazer - Heraderma","og_description":"Alexandrite lazer, istenmeyen t\u00fcylerin yok edilmesi amac\u0131yla kullan\u0131lan pratik ve etkili y\u00f6ntemlerden biridir.","og_url":"https:\/\/heraderma.com\/en\/alexandrite-lazer\/","og_site_name":"Heraderma","article_publisher":"https:\/\/www.facebook.com\/OzelHeradermaPoliklinigi","article_modified_time":"2023-11-29T09:26:08+00:00","og_image":[{"url":"http:\/\/heraderma.com\/wp-content\/uploads\/2022\/04\/Alexandrite-Lazer.jpg","type":"","width":"","height":""}],"twitter_card":"summary_large_image","twitter_site":"@heraderma","twitter_misc":{"Est. reading time":"2 minutes"},"schema":{"@context":"https:\/\/schema.org","@graph":[{"@type":"WebPage","@id":"https:\/\/heraderma.com\/en\/alexandrite-lazer\/","url":"https:\/\/heraderma.com\/en\/alexandrite-lazer\/","name":"Alexandrite Lazer - Heraderma","isPartOf":{"@id":"https:\/\/heraderma.com\/en\/#website"},"primaryImageOfPage":{"@id":"https:\/\/heraderma.com\/en\/alexandrite-lazer\/#primaryimage"},"image":{"@id":"https:\/\/heraderma.com\/en\/alexandrite-lazer\/#primaryimage"},"thumbnailUrl":"http:\/\/heraderma.com\/wp-content\/uploads\/2022\/04\/Alexandrite-Lazer.jpg","datePublished":"2022-04-12T15:40:23+00:00","dateModified":"2023-11-29T09:26:08+00:00","description":"Alexandrite lazer, istenmeyen t\u00fcylerin yok edilmesi amac\u0131yla kullan\u0131lan pratik ve etkili y\u00f6ntemlerden biridir.","inLanguage":"en-US","potentialAction":[{"@type":"ReadAction","target":["https:\/\/heraderma.com\/en\/alexandrite-lazer\/"]}]},{"@type":"ImageObject","inLanguage":"en-US","@id":"https:\/\/heraderma.com\/en\/alexandrite-lazer\/#primaryimage","url":"http:\/\/heraderma.com\/wp-content\/uploads\/2022\/04\/Alexandrite-Lazer.jpg","contentUrl":"http:\/\/heraderma.com\/wp-content\/uploads\/2022\/04\/Alexandrite-Lazer.jpg"},{"@type":"WebSite","@id":"https:\/\/heraderma.com\/en\/#website","url":"https:\/\/heraderma.com\/en\/","name":"Heraderma","description":"\u0130zmir Dermatoloji ve Lazer Klini\u011fi","potentialAction":[{"@type":"SearchAction","target":{"@type":"EntryPoint","urlTemplate":"https:\/\/heraderma.com\/en\/?s={search_term_string}"},"query-input":{"@type":"PropertyValueSpecification","valueRequired":true,"valueName":"search_term_string"}}],"inLanguage":"en-US"}]}},"_links":{"self":[{"href":"https:\/\/heraderma.com\/en\/wp-json\/wp\/v2\/pages\/12784","targetHints":{"allow":["GET"]}}],"collection":[{"href":"https:\/\/heraderma.com\/en\/wp-json\/wp\/v2\/pages"}],"about":[{"href":"https:\/\/heraderma.com\/en\/wp-json\/wp\/v2\/types\/page"}],"author":[{"embeddable":true,"href":"https:\/\/heraderma.com\/en\/wp-json\/wp\/v2\/users\/1"}],"replies":[{"embeddable":true,"href":"https:\/\/heraderma.com\/en\/wp-json\/wp\/v2\/comments?post=12784"}],"version-history":[{"count":1,"href":"https:\/\/heraderma.com\/en\/wp-json\/wp\/v2\/pages\/12784\/revisions"}],"predecessor-version":[{"id":12785,"href":"https:\/\/heraderma.com\/en\/wp-json\/wp\/v2\/pages\/12784\/revisions\/12785"}],"wp:attachment":[{"href":"https:\/\/heraderma.com\/en\/wp-json\/wp\/v2\/media?parent=12784"}],"curies":[{"name":"wp","href":"https:\/\/api.w.org\/{rel}","templated":true}]}}